{"id":44,"date":"2015-10-22T21:41:09","date_gmt":"2015-10-22T19:41:09","guid":{"rendered":"http:\/\/www.oeag-astrologie.at\/astro\/?page_id=44"},"modified":"2015-10-22T21:47:56","modified_gmt":"2015-10-22T19:47:56","slug":"mitgliedschaft","status":"publish","type":"page","link":"https:\/\/www.oeag-astrologie.at\/astro\/gesellschaft\/mitgliedschaft","title":{"rendered":"Mitgliedschaft"},"content":{"rendered":"<p>Als unterst\u00fctzendes oder ordentliches Mitglied haben Sie die M\u00f6glichkeit, aktiv die Vereinsaufgaben zu unterst\u00fctzen und durch Ihre Stimme bei der Generalversammlung die Richtung des Vereines mitzubestimmen. Au\u00dferdem haben Sie den Vorteil, die Vortr\u00e4ge und Kurse zu erm\u00e4\u00dfigten Preisen zu besuchen und die Bibliothek zu ben\u00fctzen.<br \/>\nDer Mitgliedsbeitrag betr\u00e4gt f\u00fcr unterst\u00fctzende Mitglieder 80,- Euro im Jahr, f\u00fcr ordentliche 160,- Euro im Jahr. (F\u00fcr die p\u00fcnktliche Einzahlung des Mitgliedsbeitrages danken wir Ihnen im voraus bestens!).<br \/>\nWir freuen uns auch ganz besonders, wenn Sie die neuen Aktivit\u00e4ten der \u00d6AG mittels Geldspenden, Datenangaben und Anregungen unterst\u00fctzen.<\/p>\n<p>Um Mitglied zu werden setzen Sie sich bitte pers\u00f6nlich mit uns in Verbindung.<\/p>\n","protected":false},"excerpt":{"rendered":"<p>Als unterst\u00fctzendes oder ordentliches Mitglied haben Sie die M\u00f6glichkeit, aktiv die Vereinsaufgaben zu unterst\u00fctzen und durch Ihre Stimme bei der Generalversammlung die Richtung des Vereines mitzubestimmen. Au\u00dferdem haben Sie den &hellip; <a href=\"https:\/\/www.oeag-astrologie.at\/astro\/gesellschaft\/mitgliedschaft\" class=\"more-link\"><span class=\"screen-reader-text\">Mitgliedschaft<\/span> weiterlesen <span class=\"meta-nav\">&rarr;<\/span><\/a><\/p>\n","protected":false},"author":2,"featured_media":0,"parent":25,"menu_order":0,"comment_status":"closed","ping_status":"closed","template":"","meta":{"footnotes":""},"class_list":["post-44","page","type-page","status-publish","hentry"],"yoast_head":"<!-- This site is optimized with the Yoast SEO plugin v27.4 - https:\/\/yoast.com\/product\/yoast-seo-wordpress\/ -->\n<title>Mitgliedschaft - \u00d6sterreichische Astrologische Gesellschaft<\/title>\n<meta name=\"description\" content=\"Die \u00d6sterreichische Astrologische Gesellschaft greift anhand klassischer Astrologie auf langen Erfahrungsschatz zur\u00fcck - Ausbildung, Fortbildung und Vortr\u00e4ge.\" \/>\n<meta name=\"robots\" content=\"index, follow, max-snippet:-1, max-image-preview:large, max-video-preview:-1\" \/>\n<link rel=\"canonical\" href=\"https:\/\/www.oeag-astrologie.at\/astro\/gesellschaft\/mitgliedschaft\" \/>\n<meta property=\"og:locale\" content=\"de_DE\" \/>\n<meta property=\"og:type\" content=\"article\" \/>\n<meta property=\"og:title\" content=\"Mitgliedschaft - \u00d6sterreichische Astrologische Gesellschaft\" \/>\n<meta property=\"og:description\" content=\"Die \u00d6sterreichische Astrologische Gesellschaft greift anhand klassischer Astrologie auf langen Erfahrungsschatz zur\u00fcck - Ausbildung, Fortbildung und Vortr\u00e4ge.\" \/>\n<meta property=\"og:url\" content=\"https:\/\/www.oeag-astrologie.at\/astro\/gesellschaft\/mitgliedschaft\" \/>\n<meta property=\"og:site_name\" content=\"\u00d6sterreichische Astrologische Gesellschaft\" \/>\n<meta property=\"article:modified_time\" content=\"2015-10-22T19:47:56+00:00\" \/>\n<meta name=\"twitter:card\" content=\"summary_large_image\" \/>\n<meta name=\"twitter:label1\" content=\"Gesch\u00e4tzte Lesezeit\" \/>\n\t<meta name=\"twitter:data1\" content=\"1\u00a0Minute\" \/>\n<script type=\"application\/ld+json\" class=\"yoast-schema-graph\">{\"@context\":\"https:\\\/\\\/schema.org\",\"@graph\":[{\"@type\":\"WebPage\",\"@id\":\"https:\\\/\\\/www.oeag-astrologie.at\\\/astro\\\/gesellschaft\\\/mitgliedschaft\",\"url\":\"https:\\\/\\\/www.oeag-astrologie.at\\\/astro\\\/gesellschaft\\\/mitgliedschaft\",\"name\":\"Mitgliedschaft - \u00d6sterreichische Astrologische Gesellschaft\",\"isPartOf\":{\"@id\":\"https:\\\/\\\/www.oeag-astrologie.at\\\/astro\\\/#website\"},\"datePublished\":\"2015-10-22T19:41:09+00:00\",\"dateModified\":\"2015-10-22T19:47:56+00:00\",\"description\":\"Die \u00d6sterreichische Astrologische Gesellschaft greift anhand klassischer Astrologie auf langen Erfahrungsschatz zur\u00fcck - Ausbildung, Fortbildung und Vortr\u00e4ge.\",\"breadcrumb\":{\"@id\":\"https:\\\/\\\/www.oeag-astrologie.at\\\/astro\\\/gesellschaft\\\/mitgliedschaft#breadcrumb\"},\"inLanguage\":\"de\",\"potentialAction\":[{\"@type\":\"ReadAction\",\"target\":[\"https:\\\/\\\/www.oeag-astrologie.at\\\/astro\\\/gesellschaft\\\/mitgliedschaft\"]}]},{\"@type\":\"BreadcrumbList\",\"@id\":\"https:\\\/\\\/www.oeag-astrologie.at\\\/astro\\\/gesellschaft\\\/mitgliedschaft#breadcrumb\",\"itemListElement\":[{\"@type\":\"ListItem\",\"position\":1,\"name\":\"Home\",\"item\":\"https:\\\/\\\/www.oeag-astrologie.at\\\/astro\"},{\"@type\":\"ListItem\",\"position\":2,\"name\":\"Gesellschaft\",\"item\":\"https:\\\/\\\/www.oeag-astrologie.at\\\/astro\\\/gesellschaft\"},{\"@type\":\"ListItem\",\"position\":3,\"name\":\"Mitgliedschaft\"}]},{\"@type\":\"WebSite\",\"@id\":\"https:\\\/\\\/www.oeag-astrologie.at\\\/astro\\\/#website\",\"url\":\"https:\\\/\\\/www.oeag-astrologie.at\\\/astro\\\/\",\"name\":\"\u00d6sterreichische Astrologische Gesellschaft\",\"description\":\"\",\"publisher\":{\"@id\":\"https:\\\/\\\/www.oeag-astrologie.at\\\/astro\\\/#organization\"},\"potentialAction\":[{\"@type\":\"SearchAction\",\"target\":{\"@type\":\"EntryPoint\",\"urlTemplate\":\"https:\\\/\\\/www.oeag-astrologie.at\\\/astro\\\/?s={search_term_string}\"},\"query-input\":{\"@type\":\"PropertyValueSpecification\",\"valueRequired\":true,\"valueName\":\"search_term_string\"}}],\"inLanguage\":\"de\"},{\"@type\":\"Organization\",\"@id\":\"https:\\\/\\\/www.oeag-astrologie.at\\\/astro\\\/#organization\",\"name\":\"\u00d6sterreichisch Astrologische Gesellschaft\",\"url\":\"https:\\\/\\\/www.oeag-astrologie.at\\\/astro\\\/\",\"logo\":{\"@type\":\"ImageObject\",\"inLanguage\":\"de\",\"@id\":\"https:\\\/\\\/www.oeag-astrologie.at\\\/astro\\\/#\\\/schema\\\/logo\\\/image\\\/\",\"url\":\"https:\\\/\\\/www.oeag-astrologie.at\\\/astro\\\/wp-content\\\/uploads\\\/2015\\\/10\\\/Bildschirmfoto-2015-10-22-um-09.40.58.png\",\"contentUrl\":\"https:\\\/\\\/www.oeag-astrologie.at\\\/astro\\\/wp-content\\\/uploads\\\/2015\\\/10\\\/Bildschirmfoto-2015-10-22-um-09.40.58.png\",\"width\":512,\"height\":512,\"caption\":\"\u00d6sterreichisch Astrologische Gesellschaft\"},\"image\":{\"@id\":\"https:\\\/\\\/www.oeag-astrologie.at\\\/astro\\\/#\\\/schema\\\/logo\\\/image\\\/\"}}]}<\/script>\n<!-- \/ Yoast SEO plugin. -->","yoast_head_json":{"title":"Mitgliedschaft - \u00d6sterreichische Astrologische Gesellschaft","description":"Die \u00d6sterreichische Astrologische Gesellschaft greift anhand klassischer Astrologie auf langen Erfahrungsschatz zur\u00fcck - Ausbildung, Fortbildung und Vortr\u00e4ge.","robots":{"index":"index","follow":"follow","max-snippet":"max-snippet:-1","max-image-preview":"max-image-preview:large","max-video-preview":"max-video-preview:-1"},"canonical":"https:\/\/www.oeag-astrologie.at\/astro\/gesellschaft\/mitgliedschaft","og_locale":"de_DE","og_type":"article","og_title":"Mitgliedschaft - \u00d6sterreichische Astrologische Gesellschaft","og_description":"Die \u00d6sterreichische Astrologische Gesellschaft greift anhand klassischer Astrologie auf langen Erfahrungsschatz zur\u00fcck - Ausbildung, Fortbildung und Vortr\u00e4ge.","og_url":"https:\/\/www.oeag-astrologie.at\/astro\/gesellschaft\/mitgliedschaft","og_site_name":"\u00d6sterreichische Astrologische Gesellschaft","article_modified_time":"2015-10-22T19:47:56+00:00","twitter_card":"summary_large_image","twitter_misc":{"Gesch\u00e4tzte Lesezeit":"1\u00a0Minute"},"schema":{"@context":"https:\/\/schema.org","@graph":[{"@type":"WebPage","@id":"https:\/\/www.oeag-astrologie.at\/astro\/gesellschaft\/mitgliedschaft","url":"https:\/\/www.oeag-astrologie.at\/astro\/gesellschaft\/mitgliedschaft","name":"Mitgliedschaft - \u00d6sterreichische Astrologische Gesellschaft","isPartOf":{"@id":"https:\/\/www.oeag-astrologie.at\/astro\/#website"},"datePublished":"2015-10-22T19:41:09+00:00","dateModified":"2015-10-22T19:47:56+00:00","description":"Die \u00d6sterreichische Astrologische Gesellschaft greift anhand klassischer Astrologie auf langen Erfahrungsschatz zur\u00fcck - Ausbildung, Fortbildung und Vortr\u00e4ge.","breadcrumb":{"@id":"https:\/\/www.oeag-astrologie.at\/astro\/gesellschaft\/mitgliedschaft#breadcrumb"},"inLanguage":"de","potentialAction":[{"@type":"ReadAction","target":["https:\/\/www.oeag-astrologie.at\/astro\/gesellschaft\/mitgliedschaft"]}]},{"@type":"BreadcrumbList","@id":"https:\/\/www.oeag-astrologie.at\/astro\/gesellschaft\/mitgliedschaft#breadcrumb","itemListElement":[{"@type":"ListItem","position":1,"name":"Home","item":"https:\/\/www.oeag-astrologie.at\/astro"},{"@type":"ListItem","position":2,"name":"Gesellschaft","item":"https:\/\/www.oeag-astrologie.at\/astro\/gesellschaft"},{"@type":"ListItem","position":3,"name":"Mitgliedschaft"}]},{"@type":"WebSite","@id":"https:\/\/www.oeag-astrologie.at\/astro\/#website","url":"https:\/\/www.oeag-astrologie.at\/astro\/","name":"\u00d6sterreichische Astrologische Gesellschaft","description":"","publisher":{"@id":"https:\/\/www.oeag-astrologie.at\/astro\/#organization"},"potentialAction":[{"@type":"SearchAction","target":{"@type":"EntryPoint","urlTemplate":"https:\/\/www.oeag-astrologie.at\/astro\/?s={search_term_string}"},"query-input":{"@type":"PropertyValueSpecification","valueRequired":true,"valueName":"search_term_string"}}],"inLanguage":"de"},{"@type":"Organization","@id":"https:\/\/www.oeag-astrologie.at\/astro\/#organization","name":"\u00d6sterreichisch Astrologische Gesellschaft","url":"https:\/\/www.oeag-astrologie.at\/astro\/","logo":{"@type":"ImageObject","inLanguage":"de","@id":"https:\/\/www.oeag-astrologie.at\/astro\/#\/schema\/logo\/image\/","url":"https:\/\/www.oeag-astrologie.at\/astro\/wp-content\/uploads\/2015\/10\/Bildschirmfoto-2015-10-22-um-09.40.58.png","contentUrl":"https:\/\/www.oeag-astrologie.at\/astro\/wp-content\/uploads\/2015\/10\/Bildschirmfoto-2015-10-22-um-09.40.58.png","width":512,"height":512,"caption":"\u00d6sterreichisch Astrologische Gesellschaft"},"image":{"@id":"https:\/\/www.oeag-astrologie.at\/astro\/#\/schema\/logo\/image\/"}}]}},"_links":{"self":[{"href":"https:\/\/www.oeag-astrologie.at\/astro\/wp-json\/wp\/v2\/pages\/44","targetHints":{"allow":["GET"]}}],"collection":[{"href":"https:\/\/www.oeag-astrologie.at\/astro\/wp-json\/wp\/v2\/pages"}],"about":[{"href":"https:\/\/www.oeag-astrologie.at\/astro\/wp-json\/wp\/v2\/types\/page"}],"author":[{"embeddable":true,"href":"https:\/\/www.oeag-astrologie.at\/astro\/wp-json\/wp\/v2\/users\/2"}],"replies":[{"embeddable":true,"href":"https:\/\/www.oeag-astrologie.at\/astro\/wp-json\/wp\/v2\/comments?post=44"}],"version-history":[{"count":0,"href":"https:\/\/www.oeag-astrologie.at\/astro\/wp-json\/wp\/v2\/pages\/44\/revisions"}],"up":[{"embeddable":true,"href":"https:\/\/www.oeag-astrologie.at\/astro\/wp-json\/wp\/v2\/pages\/25"}],"wp:attachment":[{"href":"https:\/\/www.oeag-astrologie.at\/astro\/wp-json\/wp\/v2\/media?parent=44"}],"curies":[{"name":"wp","href":"https:\/\/api.w.org\/{rel}","templated":true}]}}