{"id":42,"date":"2015-10-22T21:38:48","date_gmt":"2015-10-22T19:38:48","guid":{"rendered":"http:\/\/www.oeag-astrologie.at\/astro\/?page_id=42"},"modified":"2023-10-02T05:50:12","modified_gmt":"2023-10-02T03:50:12","slug":"vorstand","status":"publish","type":"page","link":"https:\/\/www.oeag-astrologie.at\/astro\/gesellschaft\/vorstand","title":{"rendered":"Vorstand"},"content":{"rendered":"<p>Der Vereinsvorstand der \u00d6AG besteht au\u00dfer dem Pr\u00e4sidenten und dem Vizepr\u00e4sidenten noch aus 4 Mitgliedern, die von der jeweiligen ordentlichen Generalversammlung mit der Funktionsdauer von einem Jahr gew\u00e4hlt werden. Dem Vorstand obliegt unter anderem die Leitung des Vereines, die Ausf\u00fchrung der Beschl\u00fcsse der Generalversammlung, die Durchf\u00fchrung des wissenschaftlichen Arbeitsprogrammes, die Wahl des Pr\u00fcfungskollegiums f\u00fcr das Astrologenpatent sowie die Organisation von Kursen, Vortr\u00e4gen und Kongressen.<\/p>\n<p>Pr\u00e4sident und Bibliothekar: STROBELE Brigitte<br \/>\nVizepr\u00e4sident: TOMSITS Wolfgang<br \/>\nGeneralsekret\u00e4r und Schriftf\u00fchrer: HAFENEDER Ingrid<br \/>\nKassier: \u00a0KREJCI Rosemarie<\/p>\n<p>Beir\u00e4te:<\/p>\n<p>HUEBER Brigitte<br \/>\nHOLLERGSCHWANDTNER\u00a0Ullrike<\/p>\n","protected":false},"excerpt":{"rendered":"<p>Der Vereinsvorstand der \u00d6AG besteht au\u00dfer dem Pr\u00e4sidenten und dem Vizepr\u00e4sidenten noch aus 4 Mitgliedern, die von der jeweiligen ordentlichen Generalversammlung mit der Funktionsdauer von einem Jahr gew\u00e4hlt werden. Dem &hellip; <a href=\"https:\/\/www.oeag-astrologie.at\/astro\/gesellschaft\/vorstand\" class=\"more-link\"><span class=\"screen-reader-text\">Vorstand<\/span> weiterlesen <span class=\"meta-nav\">&rarr;<\/span><\/a><\/p>\n","protected":false},"author":2,"featured_media":0,"parent":25,"menu_order":0,"comment_status":"closed","ping_status":"closed","template":"","meta":{"footnotes":""},"class_list":["post-42","page","type-page","status-publish","hentry"],"yoast_head":"<!-- This site is optimized with the Yoast SEO plugin v27.5 - https:\/\/yoast.com\/product\/yoast-seo-wordpress\/ -->\n<title>Vorstand - \u00d6sterreichische Astrologische Gesellschaft<\/title>\n<meta name=\"description\" content=\"Die \u00d6sterreichische Astrologische Gesellschaft greift anhand klassischer Astrologie auf langen Erfahrungsschatz zur\u00fcck - Ausbildung, Fortbildung und Vortr\u00e4ge.\" \/>\n<meta name=\"robots\" content=\"index, follow, max-snippet:-1, max-image-preview:large, max-video-preview:-1\" \/>\n<link rel=\"canonical\" href=\"https:\/\/www.oeag-astrologie.at\/astro\/gesellschaft\/vorstand\" \/>\n<meta property=\"og:locale\" content=\"de_DE\" \/>\n<meta property=\"og:type\" content=\"article\" \/>\n<meta property=\"og:title\" content=\"Vorstand - \u00d6sterreichische Astrologische Gesellschaft\" \/>\n<meta property=\"og:description\" content=\"Die \u00d6sterreichische Astrologische Gesellschaft greift anhand klassischer Astrologie auf langen Erfahrungsschatz zur\u00fcck - Ausbildung, Fortbildung und Vortr\u00e4ge.\" \/>\n<meta property=\"og:url\" content=\"https:\/\/www.oeag-astrologie.at\/astro\/gesellschaft\/vorstand\" \/>\n<meta property=\"og:site_name\" content=\"\u00d6sterreichische Astrologische Gesellschaft\" \/>\n<meta property=\"article:modified_time\" content=\"2023-10-02T03:50:12+00:00\" \/>\n<meta name=\"twitter:card\" content=\"summary_large_image\" \/>\n<meta name=\"twitter:label1\" content=\"Gesch\u00e4tzte Lesezeit\" \/>\n\t<meta name=\"twitter:data1\" content=\"1\u00a0Minute\" \/>\n<script type=\"application\/ld+json\" class=\"yoast-schema-graph\">{\"@context\":\"https:\\\/\\\/schema.org\",\"@graph\":[{\"@type\":\"WebPage\",\"@id\":\"https:\\\/\\\/www.oeag-astrologie.at\\\/astro\\\/gesellschaft\\\/vorstand\",\"url\":\"https:\\\/\\\/www.oeag-astrologie.at\\\/astro\\\/gesellschaft\\\/vorstand\",\"name\":\"Vorstand - \u00d6sterreichische Astrologische Gesellschaft\",\"isPartOf\":{\"@id\":\"https:\\\/\\\/www.oeag-astrologie.at\\\/astro\\\/#website\"},\"datePublished\":\"2015-10-22T19:38:48+00:00\",\"dateModified\":\"2023-10-02T03:50:12+00:00\",\"description\":\"Die \u00d6sterreichische Astrologische Gesellschaft greift anhand klassischer Astrologie auf langen Erfahrungsschatz zur\u00fcck - Ausbildung, Fortbildung und Vortr\u00e4ge.\",\"breadcrumb\":{\"@id\":\"https:\\\/\\\/www.oeag-astrologie.at\\\/astro\\\/gesellschaft\\\/vorstand#breadcrumb\"},\"inLanguage\":\"de\",\"potentialAction\":[{\"@type\":\"ReadAction\",\"target\":[\"https:\\\/\\\/www.oeag-astrologie.at\\\/astro\\\/gesellschaft\\\/vorstand\"]}]},{\"@type\":\"BreadcrumbList\",\"@id\":\"https:\\\/\\\/www.oeag-astrologie.at\\\/astro\\\/gesellschaft\\\/vorstand#breadcrumb\",\"itemListElement\":[{\"@type\":\"ListItem\",\"position\":1,\"name\":\"Home\",\"item\":\"https:\\\/\\\/www.oeag-astrologie.at\\\/astro\"},{\"@type\":\"ListItem\",\"position\":2,\"name\":\"Gesellschaft\",\"item\":\"https:\\\/\\\/www.oeag-astrologie.at\\\/astro\\\/gesellschaft\"},{\"@type\":\"ListItem\",\"position\":3,\"name\":\"Vorstand\"}]},{\"@type\":\"WebSite\",\"@id\":\"https:\\\/\\\/www.oeag-astrologie.at\\\/astro\\\/#website\",\"url\":\"https:\\\/\\\/www.oeag-astrologie.at\\\/astro\\\/\",\"name\":\"\u00d6sterreichische Astrologische Gesellschaft\",\"description\":\"\",\"publisher\":{\"@id\":\"https:\\\/\\\/www.oeag-astrologie.at\\\/astro\\\/#organization\"},\"potentialAction\":[{\"@type\":\"SearchAction\",\"target\":{\"@type\":\"EntryPoint\",\"urlTemplate\":\"https:\\\/\\\/www.oeag-astrologie.at\\\/astro\\\/?s={search_term_string}\"},\"query-input\":{\"@type\":\"PropertyValueSpecification\",\"valueRequired\":true,\"valueName\":\"search_term_string\"}}],\"inLanguage\":\"de\"},{\"@type\":\"Organization\",\"@id\":\"https:\\\/\\\/www.oeag-astrologie.at\\\/astro\\\/#organization\",\"name\":\"\u00d6sterreichisch Astrologische Gesellschaft\",\"url\":\"https:\\\/\\\/www.oeag-astrologie.at\\\/astro\\\/\",\"logo\":{\"@type\":\"ImageObject\",\"inLanguage\":\"de\",\"@id\":\"https:\\\/\\\/www.oeag-astrologie.at\\\/astro\\\/#\\\/schema\\\/logo\\\/image\\\/\",\"url\":\"https:\\\/\\\/www.oeag-astrologie.at\\\/astro\\\/wp-content\\\/uploads\\\/2015\\\/10\\\/Bildschirmfoto-2015-10-22-um-09.40.58.png\",\"contentUrl\":\"https:\\\/\\\/www.oeag-astrologie.at\\\/astro\\\/wp-content\\\/uploads\\\/2015\\\/10\\\/Bildschirmfoto-2015-10-22-um-09.40.58.png\",\"width\":512,\"height\":512,\"caption\":\"\u00d6sterreichisch Astrologische Gesellschaft\"},\"image\":{\"@id\":\"https:\\\/\\\/www.oeag-astrologie.at\\\/astro\\\/#\\\/schema\\\/logo\\\/image\\\/\"}}]}<\/script>\n<!-- \/ Yoast SEO plugin. -->","yoast_head_json":{"title":"Vorstand - \u00d6sterreichische Astrologische Gesellschaft","description":"Die \u00d6sterreichische Astrologische Gesellschaft greift anhand klassischer Astrologie auf langen Erfahrungsschatz zur\u00fcck - Ausbildung, Fortbildung und Vortr\u00e4ge.","robots":{"index":"index","follow":"follow","max-snippet":"max-snippet:-1","max-image-preview":"max-image-preview:large","max-video-preview":"max-video-preview:-1"},"canonical":"https:\/\/www.oeag-astrologie.at\/astro\/gesellschaft\/vorstand","og_locale":"de_DE","og_type":"article","og_title":"Vorstand - \u00d6sterreichische Astrologische Gesellschaft","og_description":"Die \u00d6sterreichische Astrologische Gesellschaft greift anhand klassischer Astrologie auf langen Erfahrungsschatz zur\u00fcck - Ausbildung, Fortbildung und Vortr\u00e4ge.","og_url":"https:\/\/www.oeag-astrologie.at\/astro\/gesellschaft\/vorstand","og_site_name":"\u00d6sterreichische Astrologische Gesellschaft","article_modified_time":"2023-10-02T03:50:12+00:00","twitter_card":"summary_large_image","twitter_misc":{"Gesch\u00e4tzte Lesezeit":"1\u00a0Minute"},"schema":{"@context":"https:\/\/schema.org","@graph":[{"@type":"WebPage","@id":"https:\/\/www.oeag-astrologie.at\/astro\/gesellschaft\/vorstand","url":"https:\/\/www.oeag-astrologie.at\/astro\/gesellschaft\/vorstand","name":"Vorstand - \u00d6sterreichische Astrologische Gesellschaft","isPartOf":{"@id":"https:\/\/www.oeag-astrologie.at\/astro\/#website"},"datePublished":"2015-10-22T19:38:48+00:00","dateModified":"2023-10-02T03:50:12+00:00","description":"Die \u00d6sterreichische Astrologische Gesellschaft greift anhand klassischer Astrologie auf langen Erfahrungsschatz zur\u00fcck - Ausbildung, Fortbildung und Vortr\u00e4ge.","breadcrumb":{"@id":"https:\/\/www.oeag-astrologie.at\/astro\/gesellschaft\/vorstand#breadcrumb"},"inLanguage":"de","potentialAction":[{"@type":"ReadAction","target":["https:\/\/www.oeag-astrologie.at\/astro\/gesellschaft\/vorstand"]}]},{"@type":"BreadcrumbList","@id":"https:\/\/www.oeag-astrologie.at\/astro\/gesellschaft\/vorstand#breadcrumb","itemListElement":[{"@type":"ListItem","position":1,"name":"Home","item":"https:\/\/www.oeag-astrologie.at\/astro"},{"@type":"ListItem","position":2,"name":"Gesellschaft","item":"https:\/\/www.oeag-astrologie.at\/astro\/gesellschaft"},{"@type":"ListItem","position":3,"name":"Vorstand"}]},{"@type":"WebSite","@id":"https:\/\/www.oeag-astrologie.at\/astro\/#website","url":"https:\/\/www.oeag-astrologie.at\/astro\/","name":"\u00d6sterreichische Astrologische Gesellschaft","description":"","publisher":{"@id":"https:\/\/www.oeag-astrologie.at\/astro\/#organization"},"potentialAction":[{"@type":"SearchAction","target":{"@type":"EntryPoint","urlTemplate":"https:\/\/www.oeag-astrologie.at\/astro\/?s={search_term_string}"},"query-input":{"@type":"PropertyValueSpecification","valueRequired":true,"valueName":"search_term_string"}}],"inLanguage":"de"},{"@type":"Organization","@id":"https:\/\/www.oeag-astrologie.at\/astro\/#organization","name":"\u00d6sterreichisch Astrologische Gesellschaft","url":"https:\/\/www.oeag-astrologie.at\/astro\/","logo":{"@type":"ImageObject","inLanguage":"de","@id":"https:\/\/www.oeag-astrologie.at\/astro\/#\/schema\/logo\/image\/","url":"https:\/\/www.oeag-astrologie.at\/astro\/wp-content\/uploads\/2015\/10\/Bildschirmfoto-2015-10-22-um-09.40.58.png","contentUrl":"https:\/\/www.oeag-astrologie.at\/astro\/wp-content\/uploads\/2015\/10\/Bildschirmfoto-2015-10-22-um-09.40.58.png","width":512,"height":512,"caption":"\u00d6sterreichisch Astrologische Gesellschaft"},"image":{"@id":"https:\/\/www.oeag-astrologie.at\/astro\/#\/schema\/logo\/image\/"}}]}},"_links":{"self":[{"href":"https:\/\/www.oeag-astrologie.at\/astro\/wp-json\/wp\/v2\/pages\/42","targetHints":{"allow":["GET"]}}],"collection":[{"href":"https:\/\/www.oeag-astrologie.at\/astro\/wp-json\/wp\/v2\/pages"}],"about":[{"href":"https:\/\/www.oeag-astrologie.at\/astro\/wp-json\/wp\/v2\/types\/page"}],"author":[{"embeddable":true,"href":"https:\/\/www.oeag-astrologie.at\/astro\/wp-json\/wp\/v2\/users\/2"}],"replies":[{"embeddable":true,"href":"https:\/\/www.oeag-astrologie.at\/astro\/wp-json\/wp\/v2\/comments?post=42"}],"version-history":[{"count":4,"href":"https:\/\/www.oeag-astrologie.at\/astro\/wp-json\/wp\/v2\/pages\/42\/revisions"}],"predecessor-version":[{"id":949,"href":"https:\/\/www.oeag-astrologie.at\/astro\/wp-json\/wp\/v2\/pages\/42\/revisions\/949"}],"up":[{"embeddable":true,"href":"https:\/\/www.oeag-astrologie.at\/astro\/wp-json\/wp\/v2\/pages\/25"}],"wp:attachment":[{"href":"https:\/\/www.oeag-astrologie.at\/astro\/wp-json\/wp\/v2\/media?parent=42"}],"curies":[{"name":"wp","href":"https:\/\/api.w.org\/{rel}","templated":true}]}}