{"id":39,"date":"2015-10-22T21:32:07","date_gmt":"2015-10-22T19:32:07","guid":{"rendered":"http:\/\/www.oeag-astrologie.at\/astro\/?page_id=39"},"modified":"2018-10-20T15:12:38","modified_gmt":"2018-10-20T13:12:38","slug":"links","status":"publish","type":"page","link":"https:\/\/www.oeag-astrologie.at\/astro\/links","title":{"rendered":"Links"},"content":{"rendered":"<p><a href=\"http:\/\/www.astronomisches-buero-wien.or.at\" target=\"_blank\" rel=\"noopener\">http:\/\/www.astronomisches-buero-wien.or.at<\/a><br \/>\nVeranstaltungsprogramm Astroverein\/Astronomisches B\u00fcro<br \/>\nFreiluftplanetarium Sterngarten Georgenberg, Wien-Mauer<br \/>\nSterngarten Georgenberg, nahe Wotruba-Kirche, Wien-Mauer.<br \/>\nAufgang zur Wotrubakirche, Ecke Georgsgasse\/Rysergasse\u00a0bzw. Einfahrtsschranken obere Anton Krieger-Gasse, Ecke Kalksburgerstra\u00dfe, Wien 23.<br \/>\nProgrammauskunft: Astronomisches B\u00fcro, Veranstaltungsprogramm bzw. Tel. 01-889 3541.<br \/>\nProf. Hermann Mucke<\/p>\n<p><a href=\"http:\/\/www.projecthindsight.com\/\">projecthindsight.com<\/a><br \/>\nEin Projekt, das verlorene Sch\u00e4tze der Astrologie ausgr\u00e4bt, indem es antike und mittelalterliche Texte ins Englische \u00fcbersetzt. Etwas \u00c4hnliches im deutschen Sprachraum w\u00e4re ein Traum. Vettius Valens und Dorotheus von Sidon, Avraham Ibn Ezra und Masha\u2019allah sollten jedem Astrologen ein Begriff sein.<\/p>\n<p><a href=\"http:\/\/www.bernadettebrady.com\/\">bernadettebrady.com<\/a><br \/>\nBernadette Brady hat ein Lebensziel: \u201eDie Sterne zur\u00fcck in die Astrologie zu bringen.\u201cUnter den heutigen Astrologen ist die Australierin wohl jener Mensch, der am meisten \u00fcber Fixsterne zu sagen wei\u00df. Von ihr stammen die zwei Klassiker \u201eBrady\u2019s Book of Fixed Stars\u201c und \u201eThe Eagle and the Lark\u201c (ein Must-Have der \u201ePredictive Astrology\u201c) sowie das preisgekr\u00f6nte Computer-Programm \u201eStarlight\u201c.<\/p>\n<p><a href=\"http:\/\/www.dav-astrologie.de\/\">dav-astrologie.de<\/a><br \/>\nDer Deutsche Astrologen-Verband ist ein Fach- und Berufsverband, der mit seinen mehr als 900 Mitgliedern (Stand 2004) die gr\u00f6\u00dfte Astrologen-Organisation in Deutschland darstellt. Er wurde 16. Oktober 1947 um 10:06 in Wiesbaden gegr\u00fcndet und kn\u00fcpfte nach dem Astrologieverbot des 3. Reiches an die Tradition der deutschen astologischen Fachverb\u00e4nde an. Gem\u00e4\u00df Satzung ist der DAV eine Vereinigung von nach wissenschaftlichen Grunds\u00e4tzen arbeitenden Astrologen sowie Personen, die die astrologische Lehre und Forschung f\u00f6rdern und unterst\u00fctzen. Der DAV ist nicht auf eine bestimmte astrologische Richtung oder Methode ausgerichtet; und seine gepr\u00fcften Mitglieder verpflichten sich durch ein Berufsgel\u00f6bnis ethischen Prinzipien in ihrer T\u00e4tigkeit und Beratung. Der Verein verfolgt ausschlie\u00dflich und unmittelbar gemeinn\u00fctzige Zwecke.<br \/>\nDer DAV organisiert regelm\u00e4\u00dfig Fachkongresse und f\u00f6rdert die curriculare Ausbildung in DAV-Ausbildungszentren, die auch auf die Verbandspr\u00fcfung zum\/zur \u201eGepr\u00fcften Astrologen\/in DAV\u201c vorbereiten. Im Verband haben sich Sektionen gebildet, die verschiedene astrologische Spezialthemen erforschen. In regionalen Arbeitsgruppen in rund 30 St\u00e4dten findet weiterer fachlicher Austausch statt. Der Verband wird von Detlef Hover geleitet, weitere Vorstandsmitglieder sind Anne C. Schneider, Dieter Ernst und Dittmar Schiebel. Die Gesch\u00e4ftsstelle hat ihren Sitz in 69115 Heidelberg, Wilhelmstra\u00dfe 11, Tel.\/ Fax: 06221 \/ 182010, Email: davev@t-online.de. Weitere Informationen unter www.dav-astrologie.de.<\/p>\n<p><a href=\"http:\/\/www.astro.com\/\">astro.com<\/a><br \/>\nDie gr\u00f6\u00dfte Astrologie-Homepage der Welt. Mit Gratis-Tagesdeutungen und Gratis-Horoskopen. Hinter dem Button \u201eErweiterte Grafik-Auswahl\u201c verbirgt sich ein komplettes Astrologie-Programm, das wenig W\u00fcnsche offen l\u00e4sst.<\/p>\n<p><a href=\"http:\/\/www.astrodatabank.com\/\">astrodatabank.com<\/a><br \/>\nDie gr\u00f6\u00dfte Geburtsdatenbank der Welt. Gesammelt von Lois Rodden, der 2003 verstorbenen Grande Dame der amerikanischen Astrologie. Hat sich unter Leitung von Mark McDonough zum Ziel gesetzt, die Astrologie statistisch zu untermauern und so treffendere Aussagen und bessere Astrologen zu schaffen. Zwei Wermutstropfen gibt es allerdings: Die meisten Eintr\u00e4ge sind naturgem\u00e4\u00df USA-lastig und vollen Zugang zur F\u00fclle genie\u00dft nur, wer das AstroDatabank-Programm auf CD kauft. Daf\u00fcr kann das Programm aber auch mehr als blo\u00df Geburtsdaten ausspucken. Ein echtes Forschungsinstrument. Besonders Jungfrau-Betonten zu empfehlen.<\/p>\n<p><a href=\"http:\/\/www.mountainastrologer.com\/\">mountainastrologer.com<\/a><br \/>\nDie Homepage des gr\u00f6\u00dften (englisch-sprachigen) Astrologie-Magazins der Welt. Interessant f\u00fcr Laien und Experten.<\/p>\n<p><a href=\"http:\/\/www.astrolog.ru\/\">astrolog.ru<\/a><br \/>\nAls Gegengewicht zum herrschenden Amerika-Zentrismus. Die gr\u00f6\u00dfte russische Astro-Homepage. Extrem modern und dennoch der klassischen Astrologie verpflichtet. Ihre volle Pracht erschlie\u00dft sich allerdings nur Russisch-Sprechenden. Die englische Sektion ist bescheiden.<\/p>\n","protected":false},"excerpt":{"rendered":"<p>http:\/\/www.astronomisches-buero-wien.or.at Veranstaltungsprogramm Astroverein\/Astronomisches B\u00fcro Freiluftplanetarium Sterngarten Georgenberg, Wien-Mauer Sterngarten Georgenberg, nahe Wotruba-Kirche, Wien-Mauer. Aufgang zur Wotrubakirche, Ecke Georgsgasse\/Rysergasse\u00a0bzw. Einfahrtsschranken obere Anton Krieger-Gasse, Ecke Kalksburgerstra\u00dfe, Wien 23. Programmauskunft: Astronomisches B\u00fcro, Veranstaltungsprogramm &hellip; <a href=\"https:\/\/www.oeag-astrologie.at\/astro\/links\" class=\"more-link\"><span class=\"screen-reader-text\">Links<\/span> weiterlesen <span class=\"meta-nav\">&rarr;<\/span><\/a><\/p>\n","protected":false},"author":2,"featured_media":0,"parent":0,"menu_order":0,"comment_status":"closed","ping_status":"closed","template":"","meta":{"footnotes":""},"class_list":["post-39","page","type-page","status-publish","hentry"],"yoast_head":"<!-- This site is optimized with the Yoast SEO plugin v27.5 - https:\/\/yoast.com\/product\/yoast-seo-wordpress\/ -->\n<title>Links - \u00d6sterreichische Astrologische Gesellschaft<\/title>\n<meta name=\"description\" content=\"Die \u00d6sterreichische Astrologische Gesellschaft greift anhand klassischer Astrologie auf langen Erfahrungsschatz zur\u00fcck - Ausbildung, Fortbildung und Vortr\u00e4ge.\" \/>\n<meta name=\"robots\" content=\"index, follow, max-snippet:-1, max-image-preview:large, max-video-preview:-1\" \/>\n<link rel=\"canonical\" href=\"https:\/\/www.oeag-astrologie.at\/astro\/links\" \/>\n<meta property=\"og:locale\" content=\"de_DE\" \/>\n<meta property=\"og:type\" content=\"article\" \/>\n<meta property=\"og:title\" content=\"Links - \u00d6sterreichische Astrologische Gesellschaft\" \/>\n<meta property=\"og:description\" content=\"Die \u00d6sterreichische Astrologische Gesellschaft greift anhand klassischer Astrologie auf langen Erfahrungsschatz zur\u00fcck - Ausbildung, Fortbildung und Vortr\u00e4ge.\" \/>\n<meta property=\"og:url\" content=\"https:\/\/www.oeag-astrologie.at\/astro\/links\" \/>\n<meta property=\"og:site_name\" content=\"\u00d6sterreichische Astrologische Gesellschaft\" \/>\n<meta property=\"article:modified_time\" content=\"2018-10-20T13:12:38+00:00\" \/>\n<meta name=\"twitter:card\" content=\"summary_large_image\" \/>\n<meta name=\"twitter:label1\" content=\"Gesch\u00e4tzte Lesezeit\" \/>\n\t<meta name=\"twitter:data1\" content=\"3\u00a0Minuten\" \/>\n<script type=\"application\/ld+json\" class=\"yoast-schema-graph\">{\"@context\":\"https:\\\/\\\/schema.org\",\"@graph\":[{\"@type\":\"WebPage\",\"@id\":\"https:\\\/\\\/www.oeag-astrologie.at\\\/astro\\\/links\",\"url\":\"https:\\\/\\\/www.oeag-astrologie.at\\\/astro\\\/links\",\"name\":\"Links - \u00d6sterreichische Astrologische Gesellschaft\",\"isPartOf\":{\"@id\":\"https:\\\/\\\/www.oeag-astrologie.at\\\/astro\\\/#website\"},\"datePublished\":\"2015-10-22T19:32:07+00:00\",\"dateModified\":\"2018-10-20T13:12:38+00:00\",\"description\":\"Die \u00d6sterreichische Astrologische Gesellschaft greift anhand klassischer Astrologie auf langen Erfahrungsschatz zur\u00fcck - Ausbildung, Fortbildung und Vortr\u00e4ge.\",\"breadcrumb\":{\"@id\":\"https:\\\/\\\/www.oeag-astrologie.at\\\/astro\\\/links#breadcrumb\"},\"inLanguage\":\"de\",\"potentialAction\":[{\"@type\":\"ReadAction\",\"target\":[\"https:\\\/\\\/www.oeag-astrologie.at\\\/astro\\\/links\"]}]},{\"@type\":\"BreadcrumbList\",\"@id\":\"https:\\\/\\\/www.oeag-astrologie.at\\\/astro\\\/links#breadcrumb\",\"itemListElement\":[{\"@type\":\"ListItem\",\"position\":1,\"name\":\"Home\",\"item\":\"https:\\\/\\\/www.oeag-astrologie.at\\\/astro\"},{\"@type\":\"ListItem\",\"position\":2,\"name\":\"Links\"}]},{\"@type\":\"WebSite\",\"@id\":\"https:\\\/\\\/www.oeag-astrologie.at\\\/astro\\\/#website\",\"url\":\"https:\\\/\\\/www.oeag-astrologie.at\\\/astro\\\/\",\"name\":\"\u00d6sterreichische Astrologische Gesellschaft\",\"description\":\"\",\"publisher\":{\"@id\":\"https:\\\/\\\/www.oeag-astrologie.at\\\/astro\\\/#organization\"},\"potentialAction\":[{\"@type\":\"SearchAction\",\"target\":{\"@type\":\"EntryPoint\",\"urlTemplate\":\"https:\\\/\\\/www.oeag-astrologie.at\\\/astro\\\/?s={search_term_string}\"},\"query-input\":{\"@type\":\"PropertyValueSpecification\",\"valueRequired\":true,\"valueName\":\"search_term_string\"}}],\"inLanguage\":\"de\"},{\"@type\":\"Organization\",\"@id\":\"https:\\\/\\\/www.oeag-astrologie.at\\\/astro\\\/#organization\",\"name\":\"\u00d6sterreichisch Astrologische Gesellschaft\",\"url\":\"https:\\\/\\\/www.oeag-astrologie.at\\\/astro\\\/\",\"logo\":{\"@type\":\"ImageObject\",\"inLanguage\":\"de\",\"@id\":\"https:\\\/\\\/www.oeag-astrologie.at\\\/astro\\\/#\\\/schema\\\/logo\\\/image\\\/\",\"url\":\"https:\\\/\\\/www.oeag-astrologie.at\\\/astro\\\/wp-content\\\/uploads\\\/2015\\\/10\\\/Bildschirmfoto-2015-10-22-um-09.40.58.png\",\"contentUrl\":\"https:\\\/\\\/www.oeag-astrologie.at\\\/astro\\\/wp-content\\\/uploads\\\/2015\\\/10\\\/Bildschirmfoto-2015-10-22-um-09.40.58.png\",\"width\":512,\"height\":512,\"caption\":\"\u00d6sterreichisch Astrologische Gesellschaft\"},\"image\":{\"@id\":\"https:\\\/\\\/www.oeag-astrologie.at\\\/astro\\\/#\\\/schema\\\/logo\\\/image\\\/\"}}]}<\/script>\n<!-- \/ Yoast SEO plugin. -->","yoast_head_json":{"title":"Links - \u00d6sterreichische Astrologische Gesellschaft","description":"Die \u00d6sterreichische Astrologische Gesellschaft greift anhand klassischer Astrologie auf langen Erfahrungsschatz zur\u00fcck - Ausbildung, Fortbildung und Vortr\u00e4ge.","robots":{"index":"index","follow":"follow","max-snippet":"max-snippet:-1","max-image-preview":"max-image-preview:large","max-video-preview":"max-video-preview:-1"},"canonical":"https:\/\/www.oeag-astrologie.at\/astro\/links","og_locale":"de_DE","og_type":"article","og_title":"Links - \u00d6sterreichische Astrologische Gesellschaft","og_description":"Die \u00d6sterreichische Astrologische Gesellschaft greift anhand klassischer Astrologie auf langen Erfahrungsschatz zur\u00fcck - Ausbildung, Fortbildung und Vortr\u00e4ge.","og_url":"https:\/\/www.oeag-astrologie.at\/astro\/links","og_site_name":"\u00d6sterreichische Astrologische Gesellschaft","article_modified_time":"2018-10-20T13:12:38+00:00","twitter_card":"summary_large_image","twitter_misc":{"Gesch\u00e4tzte Lesezeit":"3\u00a0Minuten"},"schema":{"@context":"https:\/\/schema.org","@graph":[{"@type":"WebPage","@id":"https:\/\/www.oeag-astrologie.at\/astro\/links","url":"https:\/\/www.oeag-astrologie.at\/astro\/links","name":"Links - \u00d6sterreichische Astrologische Gesellschaft","isPartOf":{"@id":"https:\/\/www.oeag-astrologie.at\/astro\/#website"},"datePublished":"2015-10-22T19:32:07+00:00","dateModified":"2018-10-20T13:12:38+00:00","description":"Die \u00d6sterreichische Astrologische Gesellschaft greift anhand klassischer Astrologie auf langen Erfahrungsschatz zur\u00fcck - Ausbildung, Fortbildung und Vortr\u00e4ge.","breadcrumb":{"@id":"https:\/\/www.oeag-astrologie.at\/astro\/links#breadcrumb"},"inLanguage":"de","potentialAction":[{"@type":"ReadAction","target":["https:\/\/www.oeag-astrologie.at\/astro\/links"]}]},{"@type":"BreadcrumbList","@id":"https:\/\/www.oeag-astrologie.at\/astro\/links#breadcrumb","itemListElement":[{"@type":"ListItem","position":1,"name":"Home","item":"https:\/\/www.oeag-astrologie.at\/astro"},{"@type":"ListItem","position":2,"name":"Links"}]},{"@type":"WebSite","@id":"https:\/\/www.oeag-astrologie.at\/astro\/#website","url":"https:\/\/www.oeag-astrologie.at\/astro\/","name":"\u00d6sterreichische Astrologische Gesellschaft","description":"","publisher":{"@id":"https:\/\/www.oeag-astrologie.at\/astro\/#organization"},"potentialAction":[{"@type":"SearchAction","target":{"@type":"EntryPoint","urlTemplate":"https:\/\/www.oeag-astrologie.at\/astro\/?s={search_term_string}"},"query-input":{"@type":"PropertyValueSpecification","valueRequired":true,"valueName":"search_term_string"}}],"inLanguage":"de"},{"@type":"Organization","@id":"https:\/\/www.oeag-astrologie.at\/astro\/#organization","name":"\u00d6sterreichisch Astrologische Gesellschaft","url":"https:\/\/www.oeag-astrologie.at\/astro\/","logo":{"@type":"ImageObject","inLanguage":"de","@id":"https:\/\/www.oeag-astrologie.at\/astro\/#\/schema\/logo\/image\/","url":"https:\/\/www.oeag-astrologie.at\/astro\/wp-content\/uploads\/2015\/10\/Bildschirmfoto-2015-10-22-um-09.40.58.png","contentUrl":"https:\/\/www.oeag-astrologie.at\/astro\/wp-content\/uploads\/2015\/10\/Bildschirmfoto-2015-10-22-um-09.40.58.png","width":512,"height":512,"caption":"\u00d6sterreichisch Astrologische Gesellschaft"},"image":{"@id":"https:\/\/www.oeag-astrologie.at\/astro\/#\/schema\/logo\/image\/"}}]}},"_links":{"self":[{"href":"https:\/\/www.oeag-astrologie.at\/astro\/wp-json\/wp\/v2\/pages\/39","targetHints":{"allow":["GET"]}}],"collection":[{"href":"https:\/\/www.oeag-astrologie.at\/astro\/wp-json\/wp\/v2\/pages"}],"about":[{"href":"https:\/\/www.oeag-astrologie.at\/astro\/wp-json\/wp\/v2\/types\/page"}],"author":[{"embeddable":true,"href":"https:\/\/www.oeag-astrologie.at\/astro\/wp-json\/wp\/v2\/users\/2"}],"replies":[{"embeddable":true,"href":"https:\/\/www.oeag-astrologie.at\/astro\/wp-json\/wp\/v2\/comments?post=39"}],"version-history":[{"count":0,"href":"https:\/\/www.oeag-astrologie.at\/astro\/wp-json\/wp\/v2\/pages\/39\/revisions"}],"wp:attachment":[{"href":"https:\/\/www.oeag-astrologie.at\/astro\/wp-json\/wp\/v2\/media?parent=39"}],"curies":[{"name":"wp","href":"https:\/\/api.w.org\/{rel}","templated":true}]}}