{"id":35,"date":"2015-10-22T21:24:48","date_gmt":"2015-10-22T19:24:48","guid":{"rendered":"http:\/\/www.oeag-astrologie.at\/astro\/?page_id=35"},"modified":"2026-02-16T17:33:19","modified_gmt":"2026-02-16T16:33:19","slug":"kurse","status":"publish","type":"page","link":"https:\/\/www.oeag-astrologie.at\/astro\/ausbildung\/kurse","title":{"rendered":"Ausbildung Astrologie Sommersemester 2026"},"content":{"rendered":"<p><strong>Die \u00d6sterreichische Astrologische Gesellschaft bietet eine 6-Semestrige<\/strong><br \/>\n<strong>fundierte Ausbildung in &#8222;Klassischer Astrologie&#8220; an.<\/strong> Sie umfasst:<br \/>\n1. Astrologie-Anf\u00e4ngerkurs, 2. Planetenkurs, <span style=\"color: #993300;\"><strong>3. Analyse I<\/strong>,<\/span><br \/>\n4. Elementarkreislauf und H\u00e4user, 5. Analyse II, 6. Synthese,<br \/>\nanschlie\u00dfend: <span style=\"color: #993300;\"><strong>7. \u00a0Horoskopdeutung.<\/strong><\/span><\/p>\n<p>Zur Ausbildung geh\u00f6ren auch Seminare: <strong>Div. Progressionen<\/strong>, Solare, Lunare \u2026<\/p>\n<p>In dieser Ausbildung wird die Basis zu einer in sich schl\u00fcssigen Methode gelegt, die einen verantwortungsvollen Umgang mit Astrologie zur Folge hat.<br \/>\n______________________________________________<\/p>\n<p><strong>Stufe 2<\/strong> <strong>\u00a0der 6-Semestrigen Ausbildung in klassischer Astrologie<\/strong><\/p>\n<p><strong>Fortsetzungskurs (2)<\/strong><br \/>\n<strong>Freitag, 26. September 2025, 18 &#8211; 19.30 MEZ\/S<br \/>\n3., 10., 17., 24., 31. Okt., 7. November 2025, jeweils 18 -19.30 Uhr<\/strong><br \/>\n<em>Thema<\/em>: Lauf der Planeten und deren Qualit\u00e4ten, W\u00fcrden, Dominationsketten, Aspekte, Sensitiven Punkte, Planetenstunden, Das Horoskop der Welt<\/p>\n<div>\n<p><strong><em>Seminar<\/em>:<span class=\"apple-converted-space\">\u00a0<\/span>Direktionen<br \/>\nFreitag, <\/strong><strong>26 September 2025, 16 &#8211; 17:30 MEZ\/S<br \/>\n3., 10., 17., 24., 31. Okt., 7. November 2025, jeweils 16 -17.30 Uhr<\/strong><br \/>\n<em>Thema:<\/em> \u00d6AG-Sekund\u00e4rdirektion, Progressiv\/Regressiv, Diurnal.<span class=\"apple-converted-space\">\u00a0<\/span><\/p>\n<\/div>\n<p>Kursleitung: Brigitta Strobele<br \/>\nKursbeitrag je Einheit: Euro 200,-<br \/>\nOrt: 1010 Wien, Hegelgasse 15, 3 Stock, (Ibera Verlag)<\/p>\n<p><strong>Besuchen Sie f\u00fcr Ihre Weiterbildung auch unsere Vortr\u00e4ge und Seminare!<\/strong><\/p>\n<p>Auskunft: Brigitta Strobele: 0676 41 40 555<br \/>\nAnmeldung: <span lang=\"DE\">\u00a0info@oeag-astrologie,at<\/span><\/p>\n<p>______________________________________________<\/p>\n<div>\n<p>Weitere Kurse auf Anfrage:\u00a0<span lang=\"DE\">\u00a0<a href=\"mailto:info@oeag-astrologie.at\">info@oeag-astrologie.at<\/a><br \/>\n______________________________________________<br \/>\n<\/span><\/p>\n<p><b><span lang=\"DE\">Seminare:\u00a0<\/span><\/b><span lang=\"DE\">Dar\u00fcberhinaus werden Seminare angeboten, wie\u00a0Praxis der Prognose (Progressiv, Regressiv, Jahreshoroskop, Lunare);\u00a0Korrektur des Horoskops;\u00a0das Combin (Partnerschaftshoroskop);\u00a0Stundenastrologie\/Fragehoroskope;\u00a0Die Mondknoten;\u00a0Sonnen- und Mondfinsternisse;\u00a0Medizinische Astrologie;\u00a0<\/span><span lang=\"DE\">Die astrologische Beratung in der Praxis.<br \/>\n______________________________________________<\/span><\/p>\n<p><strong>\u00d6sterreichischen Astrologenpatent<br \/>\n<\/strong>Der Erfolg der astrologischen Berufsvorbildung wird durch eine\u00a0eigenst\u00e4ndige schriftliche Arbeit und Pr\u00fcfung nachgewiesen.<\/p>\n<p>Das Studium kann mit dem\u00a0<strong>\u201c\u00d6sterreichischen Astrologenpatent\u201d<\/strong>\u00a0abgeschlossen werden.<br \/>\nDiese Urkunde dient dem Schutz der \u00d6ffentlichkeit, als Gew\u00e4hr f\u00fcr Qualit\u00e4t und dem beruflich t\u00e4tigen Astrologen als Bef\u00e4higungsnachweis. Es berechtigt ihn zur F\u00fchrung des Titels \u201cAutorisierter Astrologe \u00d6AG\u201d. \u00a0(Die Urkunde ist von Friedensreich Hundertwasser entworfen und ist ein besonderer Blickfang.)<br \/>\n______________________________________________<\/p>\n<\/div>\n<div>\n<div>\n<div>\n<div>\n<div>\n<div>\n<div>\n<div>\n<div>\n<div><\/div>\n<\/div>\n<\/div>\n<\/div>\n<\/div>\n<\/div>\n<\/div>\n<\/div>\n<\/div>\n<\/div>\n","protected":false},"excerpt":{"rendered":"<p>Die \u00d6sterreichische Astrologische Gesellschaft bietet eine 6-Semestrige fundierte Ausbildung in &#8222;Klassischer Astrologie&#8220; an. Sie umfasst: 1. Astrologie-Anf\u00e4ngerkurs, 2. Planetenkurs, 3. Analyse I, 4. Elementarkreislauf und H\u00e4user, 5. Analyse II, 6. &hellip; <a href=\"https:\/\/www.oeag-astrologie.at\/astro\/ausbildung\/kurse\" class=\"more-link\"><span class=\"screen-reader-text\">Ausbildung Astrologie Sommersemester 2026<\/span> weiterlesen <span class=\"meta-nav\">&rarr;<\/span><\/a><\/p>\n","protected":false},"author":2,"featured_media":0,"parent":30,"menu_order":0,"comment_status":"closed","ping_status":"closed","template":"","meta":{"footnotes":""},"class_list":["post-35","page","type-page","status-publish","hentry"],"yoast_head":"<!-- This site is optimized with the Yoast SEO plugin v27.5 - https:\/\/yoast.com\/product\/yoast-seo-wordpress\/ -->\n<title>Ausbildung Astrologie Sommersemester 2026 - \u00d6sterreichische Astrologische Gesellschaft<\/title>\n<meta name=\"description\" content=\"Astrologie-Anf\u00e4ngerkurs, 1. Semester klassische Astrologie. AB: Freitag, 28. M\u00e4rz 2025 um 18 - 19.30 Uhr, Folge-Termine: 4., 11., 25. April., (2)., 9., 16., (23). Mai. \u00a0jeweils 18 Uhr\u00a0. Kurs-Anmeldung per E-Mail:\u00a0info@oeag-astrologie.atAusk\u00fcnfte:\u00a0 0676 41 40 555 \u2013 Brigitte Strobele\" \/>\n<meta name=\"robots\" content=\"index, follow, max-snippet:-1, max-image-preview:large, max-video-preview:-1\" \/>\n<link rel=\"canonical\" href=\"https:\/\/www.oeag-astrologie.at\/astro\/ausbildung\/kurse\" \/>\n<meta property=\"og:locale\" content=\"de_DE\" \/>\n<meta property=\"og:type\" content=\"article\" \/>\n<meta property=\"og:title\" content=\"Ausbildung Astrologie Sommersemester 2026 - \u00d6sterreichische Astrologische Gesellschaft\" \/>\n<meta property=\"og:description\" content=\"Astrologie-Anf\u00e4ngerkurs, 1. Semester klassische Astrologie. AB: Freitag, 28. M\u00e4rz 2025 um 18 - 19.30 Uhr, Folge-Termine: 4., 11., 25. April., (2)., 9., 16., (23). Mai. \u00a0jeweils 18 Uhr\u00a0. Kurs-Anmeldung per E-Mail:\u00a0info@oeag-astrologie.atAusk\u00fcnfte:\u00a0 0676 41 40 555 \u2013 Brigitte Strobele\" \/>\n<meta property=\"og:url\" content=\"https:\/\/www.oeag-astrologie.at\/astro\/ausbildung\/kurse\" \/>\n<meta property=\"og:site_name\" content=\"\u00d6sterreichische Astrologische Gesellschaft\" \/>\n<meta property=\"article:modified_time\" content=\"2026-02-16T16:33:19+00:00\" \/>\n<meta name=\"twitter:card\" content=\"summary_large_image\" \/>\n<meta name=\"twitter:label1\" content=\"Gesch\u00e4tzte Lesezeit\" \/>\n\t<meta name=\"twitter:data1\" content=\"2\u00a0Minuten\" \/>\n<script type=\"application\/ld+json\" class=\"yoast-schema-graph\">{\"@context\":\"https:\\\/\\\/schema.org\",\"@graph\":[{\"@type\":\"WebPage\",\"@id\":\"https:\\\/\\\/www.oeag-astrologie.at\\\/astro\\\/ausbildung\\\/kurse\",\"url\":\"https:\\\/\\\/www.oeag-astrologie.at\\\/astro\\\/ausbildung\\\/kurse\",\"name\":\"Ausbildung Astrologie Sommersemester 2026 - \u00d6sterreichische Astrologische Gesellschaft\",\"isPartOf\":{\"@id\":\"https:\\\/\\\/www.oeag-astrologie.at\\\/astro\\\/#website\"},\"datePublished\":\"2015-10-22T19:24:48+00:00\",\"dateModified\":\"2026-02-16T16:33:19+00:00\",\"description\":\"Astrologie-Anf\u00e4ngerkurs, 1. Semester klassische Astrologie. AB: Freitag, 28. M\u00e4rz 2025 um 18 - 19.30 Uhr, Folge-Termine: 4., 11., 25. April., (2)., 9., 16., (23). Mai. \u00a0jeweils 18 Uhr\u00a0. Kurs-Anmeldung per E-Mail:\u00a0info@oeag-astrologie.atAusk\u00fcnfte:\u00a0 0676 41 40 555 \u2013 Brigitte Strobele\",\"breadcrumb\":{\"@id\":\"https:\\\/\\\/www.oeag-astrologie.at\\\/astro\\\/ausbildung\\\/kurse#breadcrumb\"},\"inLanguage\":\"de\",\"potentialAction\":[{\"@type\":\"ReadAction\",\"target\":[\"https:\\\/\\\/www.oeag-astrologie.at\\\/astro\\\/ausbildung\\\/kurse\"]}]},{\"@type\":\"BreadcrumbList\",\"@id\":\"https:\\\/\\\/www.oeag-astrologie.at\\\/astro\\\/ausbildung\\\/kurse#breadcrumb\",\"itemListElement\":[{\"@type\":\"ListItem\",\"position\":1,\"name\":\"Home\",\"item\":\"https:\\\/\\\/www.oeag-astrologie.at\\\/astro\"},{\"@type\":\"ListItem\",\"position\":2,\"name\":\"Ausbildung\",\"item\":\"https:\\\/\\\/www.oeag-astrologie.at\\\/astro\\\/ausbildung\"},{\"@type\":\"ListItem\",\"position\":3,\"name\":\"Ausbildung Astrologie Sommersemester 2026\"}]},{\"@type\":\"WebSite\",\"@id\":\"https:\\\/\\\/www.oeag-astrologie.at\\\/astro\\\/#website\",\"url\":\"https:\\\/\\\/www.oeag-astrologie.at\\\/astro\\\/\",\"name\":\"\u00d6sterreichische Astrologische Gesellschaft\",\"description\":\"\",\"publisher\":{\"@id\":\"https:\\\/\\\/www.oeag-astrologie.at\\\/astro\\\/#organization\"},\"potentialAction\":[{\"@type\":\"SearchAction\",\"target\":{\"@type\":\"EntryPoint\",\"urlTemplate\":\"https:\\\/\\\/www.oeag-astrologie.at\\\/astro\\\/?s={search_term_string}\"},\"query-input\":{\"@type\":\"PropertyValueSpecification\",\"valueRequired\":true,\"valueName\":\"search_term_string\"}}],\"inLanguage\":\"de\"},{\"@type\":\"Organization\",\"@id\":\"https:\\\/\\\/www.oeag-astrologie.at\\\/astro\\\/#organization\",\"name\":\"\u00d6sterreichisch Astrologische Gesellschaft\",\"url\":\"https:\\\/\\\/www.oeag-astrologie.at\\\/astro\\\/\",\"logo\":{\"@type\":\"ImageObject\",\"inLanguage\":\"de\",\"@id\":\"https:\\\/\\\/www.oeag-astrologie.at\\\/astro\\\/#\\\/schema\\\/logo\\\/image\\\/\",\"url\":\"https:\\\/\\\/www.oeag-astrologie.at\\\/astro\\\/wp-content\\\/uploads\\\/2015\\\/10\\\/Bildschirmfoto-2015-10-22-um-09.40.58.png\",\"contentUrl\":\"https:\\\/\\\/www.oeag-astrologie.at\\\/astro\\\/wp-content\\\/uploads\\\/2015\\\/10\\\/Bildschirmfoto-2015-10-22-um-09.40.58.png\",\"width\":512,\"height\":512,\"caption\":\"\u00d6sterreichisch Astrologische Gesellschaft\"},\"image\":{\"@id\":\"https:\\\/\\\/www.oeag-astrologie.at\\\/astro\\\/#\\\/schema\\\/logo\\\/image\\\/\"}}]}<\/script>\n<!-- \/ Yoast SEO plugin. -->","yoast_head_json":{"title":"Ausbildung Astrologie Sommersemester 2026 - \u00d6sterreichische Astrologische Gesellschaft","description":"Astrologie-Anf\u00e4ngerkurs, 1. Semester klassische Astrologie. AB: Freitag, 28. M\u00e4rz 2025 um 18 - 19.30 Uhr, Folge-Termine: 4., 11., 25. April., (2)., 9., 16., (23). Mai. \u00a0jeweils 18 Uhr\u00a0. Kurs-Anmeldung per E-Mail:\u00a0info@oeag-astrologie.atAusk\u00fcnfte:\u00a0 0676 41 40 555 \u2013 Brigitte Strobele","robots":{"index":"index","follow":"follow","max-snippet":"max-snippet:-1","max-image-preview":"max-image-preview:large","max-video-preview":"max-video-preview:-1"},"canonical":"https:\/\/www.oeag-astrologie.at\/astro\/ausbildung\/kurse","og_locale":"de_DE","og_type":"article","og_title":"Ausbildung Astrologie Sommersemester 2026 - \u00d6sterreichische Astrologische Gesellschaft","og_description":"Astrologie-Anf\u00e4ngerkurs, 1. Semester klassische Astrologie. AB: Freitag, 28. M\u00e4rz 2025 um 18 - 19.30 Uhr, Folge-Termine: 4., 11., 25. April., (2)., 9., 16., (23). Mai. \u00a0jeweils 18 Uhr\u00a0. Kurs-Anmeldung per E-Mail:\u00a0info@oeag-astrologie.atAusk\u00fcnfte:\u00a0 0676 41 40 555 \u2013 Brigitte Strobele","og_url":"https:\/\/www.oeag-astrologie.at\/astro\/ausbildung\/kurse","og_site_name":"\u00d6sterreichische Astrologische Gesellschaft","article_modified_time":"2026-02-16T16:33:19+00:00","twitter_card":"summary_large_image","twitter_misc":{"Gesch\u00e4tzte Lesezeit":"2\u00a0Minuten"},"schema":{"@context":"https:\/\/schema.org","@graph":[{"@type":"WebPage","@id":"https:\/\/www.oeag-astrologie.at\/astro\/ausbildung\/kurse","url":"https:\/\/www.oeag-astrologie.at\/astro\/ausbildung\/kurse","name":"Ausbildung Astrologie Sommersemester 2026 - \u00d6sterreichische Astrologische Gesellschaft","isPartOf":{"@id":"https:\/\/www.oeag-astrologie.at\/astro\/#website"},"datePublished":"2015-10-22T19:24:48+00:00","dateModified":"2026-02-16T16:33:19+00:00","description":"Astrologie-Anf\u00e4ngerkurs, 1. Semester klassische Astrologie. AB: Freitag, 28. M\u00e4rz 2025 um 18 - 19.30 Uhr, Folge-Termine: 4., 11., 25. April., (2)., 9., 16., (23). Mai. \u00a0jeweils 18 Uhr\u00a0. Kurs-Anmeldung per E-Mail:\u00a0info@oeag-astrologie.atAusk\u00fcnfte:\u00a0 0676 41 40 555 \u2013 Brigitte Strobele","breadcrumb":{"@id":"https:\/\/www.oeag-astrologie.at\/astro\/ausbildung\/kurse#breadcrumb"},"inLanguage":"de","potentialAction":[{"@type":"ReadAction","target":["https:\/\/www.oeag-astrologie.at\/astro\/ausbildung\/kurse"]}]},{"@type":"BreadcrumbList","@id":"https:\/\/www.oeag-astrologie.at\/astro\/ausbildung\/kurse#breadcrumb","itemListElement":[{"@type":"ListItem","position":1,"name":"Home","item":"https:\/\/www.oeag-astrologie.at\/astro"},{"@type":"ListItem","position":2,"name":"Ausbildung","item":"https:\/\/www.oeag-astrologie.at\/astro\/ausbildung"},{"@type":"ListItem","position":3,"name":"Ausbildung Astrologie Sommersemester 2026"}]},{"@type":"WebSite","@id":"https:\/\/www.oeag-astrologie.at\/astro\/#website","url":"https:\/\/www.oeag-astrologie.at\/astro\/","name":"\u00d6sterreichische Astrologische Gesellschaft","description":"","publisher":{"@id":"https:\/\/www.oeag-astrologie.at\/astro\/#organization"},"potentialAction":[{"@type":"SearchAction","target":{"@type":"EntryPoint","urlTemplate":"https:\/\/www.oeag-astrologie.at\/astro\/?s={search_term_string}"},"query-input":{"@type":"PropertyValueSpecification","valueRequired":true,"valueName":"search_term_string"}}],"inLanguage":"de"},{"@type":"Organization","@id":"https:\/\/www.oeag-astrologie.at\/astro\/#organization","name":"\u00d6sterreichisch Astrologische Gesellschaft","url":"https:\/\/www.oeag-astrologie.at\/astro\/","logo":{"@type":"ImageObject","inLanguage":"de","@id":"https:\/\/www.oeag-astrologie.at\/astro\/#\/schema\/logo\/image\/","url":"https:\/\/www.oeag-astrologie.at\/astro\/wp-content\/uploads\/2015\/10\/Bildschirmfoto-2015-10-22-um-09.40.58.png","contentUrl":"https:\/\/www.oeag-astrologie.at\/astro\/wp-content\/uploads\/2015\/10\/Bildschirmfoto-2015-10-22-um-09.40.58.png","width":512,"height":512,"caption":"\u00d6sterreichisch Astrologische Gesellschaft"},"image":{"@id":"https:\/\/www.oeag-astrologie.at\/astro\/#\/schema\/logo\/image\/"}}]}},"_links":{"self":[{"href":"https:\/\/www.oeag-astrologie.at\/astro\/wp-json\/wp\/v2\/pages\/35","targetHints":{"allow":["GET"]}}],"collection":[{"href":"https:\/\/www.oeag-astrologie.at\/astro\/wp-json\/wp\/v2\/pages"}],"about":[{"href":"https:\/\/www.oeag-astrologie.at\/astro\/wp-json\/wp\/v2\/types\/page"}],"author":[{"embeddable":true,"href":"https:\/\/www.oeag-astrologie.at\/astro\/wp-json\/wp\/v2\/users\/2"}],"replies":[{"embeddable":true,"href":"https:\/\/www.oeag-astrologie.at\/astro\/wp-json\/wp\/v2\/comments?post=35"}],"version-history":[{"count":11,"href":"https:\/\/www.oeag-astrologie.at\/astro\/wp-json\/wp\/v2\/pages\/35\/revisions"}],"predecessor-version":[{"id":1125,"href":"https:\/\/www.oeag-astrologie.at\/astro\/wp-json\/wp\/v2\/pages\/35\/revisions\/1125"}],"up":[{"embeddable":true,"href":"https:\/\/www.oeag-astrologie.at\/astro\/wp-json\/wp\/v2\/pages\/30"}],"wp:attachment":[{"href":"https:\/\/www.oeag-astrologie.at\/astro\/wp-json\/wp\/v2\/media?parent=35"}],"curies":[{"name":"wp","href":"https:\/\/api.w.org\/{rel}","templated":true}]}}