{"id":30,"date":"2015-10-22T21:17:43","date_gmt":"2015-10-22T19:17:43","guid":{"rendered":"http:\/\/www.oeag-astrologie.at\/astro\/?page_id=30"},"modified":"2020-03-21T01:55:47","modified_gmt":"2020-03-21T00:55:47","slug":"ausbildung","status":"publish","type":"page","link":"https:\/\/www.oeag-astrologie.at\/astro\/ausbildung","title":{"rendered":"Ausbildung"},"content":{"rendered":"<p><span style=\"font-size: medium;\">Das&nbsp;<a href=\"http:\/\/www.oeag-astrologie.at\/astro\/?page_id=32\">Astrologiestudium<\/a>&nbsp;in der \u00d6AG ist methodisch aufgebaut. Das Ger\u00fcst des astrologischen Lehrgeb\u00e4udes wird von erfahrenen Astrologen in 6 Semestern (<a href=\"http:\/\/www.oeag-astrologie.at\/astro\/?page_id=35\">Kurse<\/a>) vermittelt.&nbsp;<\/span><\/p>\n<p><span style=\"font-size: medium;\">Der\/die Studierende kann sich durch Besuch von angebotenen Seminaren und Vortr\u00e4gen sowie \u00fcber die Fachliteratur weiterbilden. Das passive Gedankengut wird in \u00dcbungsabenden aktiviert.<br \/>\nDer Erfolg der astrologischen Berufsvorbildung wird durch eine eigenst\u00e4ndige schriftliche Arbeit und m\u00fcndliche Pr\u00fcfung nachgewiesen.<br \/>\n<\/span><\/p>\n<p><span style=\"font-size: medium;\">Das Studium kann durch das \u00d6sterreichische Astrologenpatent abgeschlossen werden. Diese Urkunde dient dem Schutz der \u00d6ffentlichkeit als Gew\u00e4hr f\u00fcr Qualit\u00e4t und dem beruflich t\u00e4tigen Astrologen als Bef\u00e4higungsnachweis. Es berechtigt ihn zur F\u00fchrung des Titels \u201eAutorisierter Astrologe \u00d6AG\u201c.<\/span><\/p>\n","protected":false},"excerpt":{"rendered":"<p>Das&nbsp;Astrologiestudium&nbsp;in der \u00d6AG ist methodisch aufgebaut. Das Ger\u00fcst des astrologischen Lehrgeb\u00e4udes wird von erfahrenen Astrologen in 6 Semestern (Kurse) vermittelt.&nbsp; Der\/die Studierende kann sich durch Besuch von angebotenen Seminaren und &hellip; <a href=\"https:\/\/www.oeag-astrologie.at\/astro\/ausbildung\" class=\"more-link\"><span class=\"screen-reader-text\">Ausbildung<\/span> weiterlesen <span class=\"meta-nav\">&rarr;<\/span><\/a><\/p>\n","protected":false},"author":2,"featured_media":0,"parent":0,"menu_order":0,"comment_status":"closed","ping_status":"closed","template":"","meta":{"footnotes":""},"class_list":["post-30","page","type-page","status-publish","hentry"],"yoast_head":"<!-- This site is optimized with the Yoast SEO plugin v27.5 - https:\/\/yoast.com\/product\/yoast-seo-wordpress\/ -->\n<title>Ausbildung - \u00d6sterreichische Astrologische Gesellschaft<\/title>\n<meta name=\"description\" content=\"Die \u00d6sterreichische Astrologische Gesellschaft greift anhand klassischer Astrologie auf langen Erfahrungsschatz zur\u00fcck - Ausbildung, Fortbildung und Vortr\u00e4ge.\" \/>\n<meta name=\"robots\" content=\"index, follow, max-snippet:-1, max-image-preview:large, max-video-preview:-1\" \/>\n<link rel=\"canonical\" href=\"https:\/\/www.oeag-astrologie.at\/astro\/ausbildung\" \/>\n<meta property=\"og:locale\" content=\"de_DE\" \/>\n<meta property=\"og:type\" content=\"article\" \/>\n<meta property=\"og:title\" content=\"Ausbildung - \u00d6sterreichische Astrologische Gesellschaft\" \/>\n<meta property=\"og:description\" content=\"Die \u00d6sterreichische Astrologische Gesellschaft greift anhand klassischer Astrologie auf langen Erfahrungsschatz zur\u00fcck - Ausbildung, Fortbildung und Vortr\u00e4ge.\" \/>\n<meta property=\"og:url\" content=\"https:\/\/www.oeag-astrologie.at\/astro\/ausbildung\" \/>\n<meta property=\"og:site_name\" content=\"\u00d6sterreichische Astrologische Gesellschaft\" \/>\n<meta property=\"article:modified_time\" content=\"2020-03-21T00:55:47+00:00\" \/>\n<meta name=\"twitter:card\" content=\"summary_large_image\" \/>\n<meta name=\"twitter:label1\" content=\"Gesch\u00e4tzte Lesezeit\" \/>\n\t<meta name=\"twitter:data1\" content=\"1\u00a0Minute\" \/>\n<script type=\"application\/ld+json\" class=\"yoast-schema-graph\">{\"@context\":\"https:\\\/\\\/schema.org\",\"@graph\":[{\"@type\":\"WebPage\",\"@id\":\"https:\\\/\\\/www.oeag-astrologie.at\\\/astro\\\/ausbildung\",\"url\":\"https:\\\/\\\/www.oeag-astrologie.at\\\/astro\\\/ausbildung\",\"name\":\"Ausbildung - \u00d6sterreichische Astrologische Gesellschaft\",\"isPartOf\":{\"@id\":\"https:\\\/\\\/www.oeag-astrologie.at\\\/astro\\\/#website\"},\"datePublished\":\"2015-10-22T19:17:43+00:00\",\"dateModified\":\"2020-03-21T00:55:47+00:00\",\"description\":\"Die \u00d6sterreichische Astrologische Gesellschaft greift anhand klassischer Astrologie auf langen Erfahrungsschatz zur\u00fcck - Ausbildung, Fortbildung und Vortr\u00e4ge.\",\"breadcrumb\":{\"@id\":\"https:\\\/\\\/www.oeag-astrologie.at\\\/astro\\\/ausbildung#breadcrumb\"},\"inLanguage\":\"de\",\"potentialAction\":[{\"@type\":\"ReadAction\",\"target\":[\"https:\\\/\\\/www.oeag-astrologie.at\\\/astro\\\/ausbildung\"]}]},{\"@type\":\"BreadcrumbList\",\"@id\":\"https:\\\/\\\/www.oeag-astrologie.at\\\/astro\\\/ausbildung#breadcrumb\",\"itemListElement\":[{\"@type\":\"ListItem\",\"position\":1,\"name\":\"Home\",\"item\":\"https:\\\/\\\/www.oeag-astrologie.at\\\/astro\"},{\"@type\":\"ListItem\",\"position\":2,\"name\":\"Ausbildung\"}]},{\"@type\":\"WebSite\",\"@id\":\"https:\\\/\\\/www.oeag-astrologie.at\\\/astro\\\/#website\",\"url\":\"https:\\\/\\\/www.oeag-astrologie.at\\\/astro\\\/\",\"name\":\"\u00d6sterreichische Astrologische Gesellschaft\",\"description\":\"\",\"publisher\":{\"@id\":\"https:\\\/\\\/www.oeag-astrologie.at\\\/astro\\\/#organization\"},\"potentialAction\":[{\"@type\":\"SearchAction\",\"target\":{\"@type\":\"EntryPoint\",\"urlTemplate\":\"https:\\\/\\\/www.oeag-astrologie.at\\\/astro\\\/?s={search_term_string}\"},\"query-input\":{\"@type\":\"PropertyValueSpecification\",\"valueRequired\":true,\"valueName\":\"search_term_string\"}}],\"inLanguage\":\"de\"},{\"@type\":\"Organization\",\"@id\":\"https:\\\/\\\/www.oeag-astrologie.at\\\/astro\\\/#organization\",\"name\":\"\u00d6sterreichisch Astrologische Gesellschaft\",\"url\":\"https:\\\/\\\/www.oeag-astrologie.at\\\/astro\\\/\",\"logo\":{\"@type\":\"ImageObject\",\"inLanguage\":\"de\",\"@id\":\"https:\\\/\\\/www.oeag-astrologie.at\\\/astro\\\/#\\\/schema\\\/logo\\\/image\\\/\",\"url\":\"https:\\\/\\\/www.oeag-astrologie.at\\\/astro\\\/wp-content\\\/uploads\\\/2015\\\/10\\\/Bildschirmfoto-2015-10-22-um-09.40.58.png\",\"contentUrl\":\"https:\\\/\\\/www.oeag-astrologie.at\\\/astro\\\/wp-content\\\/uploads\\\/2015\\\/10\\\/Bildschirmfoto-2015-10-22-um-09.40.58.png\",\"width\":512,\"height\":512,\"caption\":\"\u00d6sterreichisch Astrologische Gesellschaft\"},\"image\":{\"@id\":\"https:\\\/\\\/www.oeag-astrologie.at\\\/astro\\\/#\\\/schema\\\/logo\\\/image\\\/\"}}]}<\/script>\n<!-- \/ Yoast SEO plugin. -->","yoast_head_json":{"title":"Ausbildung - \u00d6sterreichische Astrologische Gesellschaft","description":"Die \u00d6sterreichische Astrologische Gesellschaft greift anhand klassischer Astrologie auf langen Erfahrungsschatz zur\u00fcck - Ausbildung, Fortbildung und Vortr\u00e4ge.","robots":{"index":"index","follow":"follow","max-snippet":"max-snippet:-1","max-image-preview":"max-image-preview:large","max-video-preview":"max-video-preview:-1"},"canonical":"https:\/\/www.oeag-astrologie.at\/astro\/ausbildung","og_locale":"de_DE","og_type":"article","og_title":"Ausbildung - \u00d6sterreichische Astrologische Gesellschaft","og_description":"Die \u00d6sterreichische Astrologische Gesellschaft greift anhand klassischer Astrologie auf langen Erfahrungsschatz zur\u00fcck - Ausbildung, Fortbildung und Vortr\u00e4ge.","og_url":"https:\/\/www.oeag-astrologie.at\/astro\/ausbildung","og_site_name":"\u00d6sterreichische Astrologische Gesellschaft","article_modified_time":"2020-03-21T00:55:47+00:00","twitter_card":"summary_large_image","twitter_misc":{"Gesch\u00e4tzte Lesezeit":"1\u00a0Minute"},"schema":{"@context":"https:\/\/schema.org","@graph":[{"@type":"WebPage","@id":"https:\/\/www.oeag-astrologie.at\/astro\/ausbildung","url":"https:\/\/www.oeag-astrologie.at\/astro\/ausbildung","name":"Ausbildung - \u00d6sterreichische Astrologische Gesellschaft","isPartOf":{"@id":"https:\/\/www.oeag-astrologie.at\/astro\/#website"},"datePublished":"2015-10-22T19:17:43+00:00","dateModified":"2020-03-21T00:55:47+00:00","description":"Die \u00d6sterreichische Astrologische Gesellschaft greift anhand klassischer Astrologie auf langen Erfahrungsschatz zur\u00fcck - Ausbildung, Fortbildung und Vortr\u00e4ge.","breadcrumb":{"@id":"https:\/\/www.oeag-astrologie.at\/astro\/ausbildung#breadcrumb"},"inLanguage":"de","potentialAction":[{"@type":"ReadAction","target":["https:\/\/www.oeag-astrologie.at\/astro\/ausbildung"]}]},{"@type":"BreadcrumbList","@id":"https:\/\/www.oeag-astrologie.at\/astro\/ausbildung#breadcrumb","itemListElement":[{"@type":"ListItem","position":1,"name":"Home","item":"https:\/\/www.oeag-astrologie.at\/astro"},{"@type":"ListItem","position":2,"name":"Ausbildung"}]},{"@type":"WebSite","@id":"https:\/\/www.oeag-astrologie.at\/astro\/#website","url":"https:\/\/www.oeag-astrologie.at\/astro\/","name":"\u00d6sterreichische Astrologische Gesellschaft","description":"","publisher":{"@id":"https:\/\/www.oeag-astrologie.at\/astro\/#organization"},"potentialAction":[{"@type":"SearchAction","target":{"@type":"EntryPoint","urlTemplate":"https:\/\/www.oeag-astrologie.at\/astro\/?s={search_term_string}"},"query-input":{"@type":"PropertyValueSpecification","valueRequired":true,"valueName":"search_term_string"}}],"inLanguage":"de"},{"@type":"Organization","@id":"https:\/\/www.oeag-astrologie.at\/astro\/#organization","name":"\u00d6sterreichisch Astrologische Gesellschaft","url":"https:\/\/www.oeag-astrologie.at\/astro\/","logo":{"@type":"ImageObject","inLanguage":"de","@id":"https:\/\/www.oeag-astrologie.at\/astro\/#\/schema\/logo\/image\/","url":"https:\/\/www.oeag-astrologie.at\/astro\/wp-content\/uploads\/2015\/10\/Bildschirmfoto-2015-10-22-um-09.40.58.png","contentUrl":"https:\/\/www.oeag-astrologie.at\/astro\/wp-content\/uploads\/2015\/10\/Bildschirmfoto-2015-10-22-um-09.40.58.png","width":512,"height":512,"caption":"\u00d6sterreichisch Astrologische Gesellschaft"},"image":{"@id":"https:\/\/www.oeag-astrologie.at\/astro\/#\/schema\/logo\/image\/"}}]}},"_links":{"self":[{"href":"https:\/\/www.oeag-astrologie.at\/astro\/wp-json\/wp\/v2\/pages\/30","targetHints":{"allow":["GET"]}}],"collection":[{"href":"https:\/\/www.oeag-astrologie.at\/astro\/wp-json\/wp\/v2\/pages"}],"about":[{"href":"https:\/\/www.oeag-astrologie.at\/astro\/wp-json\/wp\/v2\/types\/page"}],"author":[{"embeddable":true,"href":"https:\/\/www.oeag-astrologie.at\/astro\/wp-json\/wp\/v2\/users\/2"}],"replies":[{"embeddable":true,"href":"https:\/\/www.oeag-astrologie.at\/astro\/wp-json\/wp\/v2\/comments?post=30"}],"version-history":[{"count":0,"href":"https:\/\/www.oeag-astrologie.at\/astro\/wp-json\/wp\/v2\/pages\/30\/revisions"}],"wp:attachment":[{"href":"https:\/\/www.oeag-astrologie.at\/astro\/wp-json\/wp\/v2\/media?parent=30"}],"curies":[{"name":"wp","href":"https:\/\/api.w.org\/{rel}","templated":true}]}}