{"id":17,"date":"2015-10-22T21:01:05","date_gmt":"2015-10-22T19:01:05","guid":{"rendered":"http:\/\/www.oeag-astrologie.at\/astro\/?page_id=17"},"modified":"2020-03-22T20:40:42","modified_gmt":"2020-03-22T19:40:42","slug":"impressum","status":"publish","type":"page","link":"https:\/\/www.oeag-astrologie.at\/astro\/impressum","title":{"rendered":"Impressum"},"content":{"rendered":"<div class=\"page\" title=\"Page 1\">\n<div class=\"layoutArea\">\n<div class=\"column\">\n<p class=\"adsimple-221120058\">Informationspflicht laut \u00a75 E-Commerce Gesetz, \u00a714 Unternehmensgesetzbuch, \u00a763 Gewerbeordnung und Offenlegungspflicht laut \u00a725 Mediengesetz.<\/p>\n<p class=\"adsimple-221120058\">\u00d6sterreichisch Astrologische Gesellschaft<br \/>\n<strong>ZVR:<\/strong> 185726846<\/p>\n<p class=\"adsimple-221120058\">Hegelgasse 15\/7<br \/>\n1010 Wien<br \/>\n\u00d6sterreich<\/p>\n<p class=\"adsimple-221120058\"><strong>Organschaftliche Vertreter<\/strong><br \/>\nObfrau: Brigitta Strobele<\/p>\n<p class=\"adsimple-221120058\"><strong>Vereinssitz:<\/strong> 1010 Wien<br \/>\n<strong>Fax:<\/strong> 0043 1 513 19 72 28<br \/>\n<strong>E-Mail:<\/strong> <a href=\"mailto:info@oeag-astrologie.at\">info@oeag-astrologie.at<\/a><\/p>\n<p class=\"adsimple-221120058\"><strong>Vereinszweck:<\/strong><br \/>\nDie \u00d6sterreichische Astrologische Gesellschaft greift anhand klassischer Astrologie auf langen Erfahrungsschatz zur\u00fcck &#8211; Ausbildung, Fortbildung und Vortr\u00e4ge<\/p>\n<p><span style=\"color: #ffff99;\">Quelle: Erstellt\u00a0mit dem <a style=\"color: #ffff99;\" title=\"Impressum Generator von firmenwebseiten.at\" href=\"https:\/\/www.firmenwebseiten.at\/impressum-generator\/\" target=\"_blank\" rel=\"follow noopener noreferrer\">Impressum Generator von firmenwebseiten.at<\/a>\u00a0in Kooperation mit <a class=\"external\" style=\"color: #ffff99;\" title=\"\u00e4sthetische Operationen in Wien bei Dr. Doris Wallentin\" href=\"https:\/\/www.wallentin.cc\/\" target=\"_blank\" rel=\"follow noopener noreferrer\">wallentin.cc<\/a><\/span><\/p>\n<h2 class=\"adsimple-221120058\">EU-Streitschlichtung<\/h2>\n<p>Gem\u00e4\u00df Verordnung \u00fcber Online-Streitbeilegung in Verbraucherangelegenheiten (ODR-Verordnung) m\u00f6chten wir Sie \u00fcber die Online-Streitbeilegungsplattform (OS-Plattform) informieren.<br \/>\nVerbraucher haben die M\u00f6glichkeit, Beschwerden an die Online Streitbeilegungsplattform der Europ\u00e4ischen Kommission unter <a class=\"adsimple-221120058\" href=\"https:\/\/ec.europa.eu\/consumers\/odr\/main\/index.cfm?event=main.home2.show&amp;lng=DE\" target=\"_blank\" rel=\"nofollow noopener noreferrer\">http:\/\/ec.europa.eu\/odr?tid=221120058<\/a> zu richten. Die daf\u00fcr notwendigen Kontaktdaten finden Sie oberhalb in unserem Impressum.<\/p>\n<p>Wir m\u00f6chten Sie jedoch darauf hinweisen, dass wir nicht bereit oder verpflichtet sind, an Streitbeilegungsverfahren vor einer Verbraucherschlichtungsstelle teilzunehmen.<\/p>\n<h2 class=\"adsimple-221120058\">Haftung f\u00fcr Inhalte dieser Webseite<\/h2>\n<p>Wir entwickeln die Inhalte dieser Webseite st\u00e4ndig weiter und bem\u00fchen uns korrekte und aktuelle Informationen bereitzustellen. Leider k\u00f6nnen wir keine Haftung f\u00fcr die Korrektheit aller Inhalte auf dieser Webseite \u00fcbernehmen, speziell f\u00fcr jene die seitens Dritter bereitgestellt wurden.<\/p>\n<p>Sollten Ihnen problematische oder rechtswidrige Inhalte auffallen, bitten wir Sie uns umgehend zu kontaktieren, Sie finden die Kontaktdaten im Impressum.<\/p>\n<h2 class=\"adsimple-221120058\">Haftung f\u00fcr Links auf dieser Webseite<\/h2>\n<p>Unsere Webseite enth\u00e4lt Links zu anderen Webseiten f\u00fcr deren Inhalt wir nicht verantwortlich sind. Haftung f\u00fcr verlinkte Websites besteht laut <a class=\"adsimple-221120058\" href=\"https:\/\/www.ris.bka.gv.at\/Dokument.wxe?Abfrage=Bundesnormen&amp;Dokumentnummer=NOR40025813&amp;tid=221120058\" target=\"_blank\" rel=\"noopener nofollow noreferrer\">\u00a7 17 ECG<\/a> f\u00fcr uns nicht, da wir keine Kenntnis rechtswidriger T\u00e4tigkeiten hatten und haben, uns solche Rechtswidrigkeiten auch bisher nicht aufgefallen sind und wir Links sofort entfernen w\u00fcrden, wenn uns Rechtswidrigkeiten bekannt werden.<\/p>\n<p>Wenn Ihnen rechtswidrige Links auf unserer Website auffallen, bitten wir Sie uns zu kontaktieren, Sie finden die Kontaktdaten im Impressum.<\/p>\n<h2 class=\"adsimple-221120058\">Urheberrechtshinweis<\/h2>\n<p>Alle Inhalte dieser Webseite (Bilder, Fotos, Texte, Videos) unterliegen dem Urheberrecht. Falls notwendig, werden wir die unerlaubte Nutzung von Teilen der Inhalte unserer Seite rechtlich verfolgen.<\/p>\n<h2 class=\"adsimple-221120058\">Bildernachweis<\/h2>\n<p>Die Bilder, Fotos und Grafiken auf dieser Webseite sind urheberrechtlich gesch\u00fctzt.<\/p>\n<p>Die Bilderrechte liegen bei den folgenden Fotografen und Unternehmen:<\/p>\n<ul class=\"adsimple-221120058\">\n<li class=\"adsimple-221120058\">\u00d6sterreichisch Astrologische Gesellschaft<\/li>\n<\/ul>\n<\/div>\n<\/div>\n<\/div>\n","protected":false},"excerpt":{"rendered":"<p>Informationspflicht laut \u00a75 E-Commerce Gesetz, \u00a714 Unternehmensgesetzbuch, \u00a763 Gewerbeordnung und Offenlegungspflicht laut \u00a725 Mediengesetz. \u00d6sterreichisch Astrologische Gesellschaft ZVR: 185726846 Hegelgasse 15\/7 1010 Wien \u00d6sterreich Organschaftliche Vertreter Obfrau: Brigitta Strobele Vereinssitz: &hellip; <a href=\"https:\/\/www.oeag-astrologie.at\/astro\/impressum\" class=\"more-link\"><span class=\"screen-reader-text\">Impressum<\/span> weiterlesen <span class=\"meta-nav\">&rarr;<\/span><\/a><\/p>\n","protected":false},"author":2,"featured_media":0,"parent":0,"menu_order":8,"comment_status":"closed","ping_status":"closed","template":"","meta":{"footnotes":""},"class_list":["post-17","page","type-page","status-publish","hentry"],"yoast_head":"<!-- This site is optimized with the Yoast SEO plugin v27.5 - https:\/\/yoast.com\/product\/yoast-seo-wordpress\/ -->\n<title>Impressum - \u00d6sterreichische Astrologische Gesellschaft<\/title>\n<meta name=\"description\" content=\"Die \u00d6sterreichische Astrologische Gesellschaft greift anhand klassischer Astrologie auf langen Erfahrungsschatz zur\u00fcck - Ausbildung, Fortbildung und Vortr\u00e4ge.\" \/>\n<meta name=\"robots\" content=\"index, follow, max-snippet:-1, max-image-preview:large, max-video-preview:-1\" \/>\n<link rel=\"canonical\" href=\"https:\/\/www.oeag-astrologie.at\/astro\/impressum\" \/>\n<meta property=\"og:locale\" content=\"de_DE\" \/>\n<meta property=\"og:type\" content=\"article\" \/>\n<meta property=\"og:title\" content=\"Impressum - \u00d6sterreichische Astrologische Gesellschaft\" \/>\n<meta property=\"og:description\" content=\"Die \u00d6sterreichische Astrologische Gesellschaft greift anhand klassischer Astrologie auf langen Erfahrungsschatz zur\u00fcck - Ausbildung, Fortbildung und Vortr\u00e4ge.\" \/>\n<meta property=\"og:url\" content=\"https:\/\/www.oeag-astrologie.at\/astro\/impressum\" \/>\n<meta property=\"og:site_name\" content=\"\u00d6sterreichische Astrologische Gesellschaft\" \/>\n<meta property=\"article:modified_time\" content=\"2020-03-22T19:40:42+00:00\" \/>\n<meta name=\"twitter:card\" content=\"summary_large_image\" \/>\n<meta name=\"twitter:label1\" content=\"Gesch\u00e4tzte Lesezeit\" \/>\n\t<meta name=\"twitter:data1\" content=\"2\u00a0Minuten\" \/>\n<script type=\"application\/ld+json\" class=\"yoast-schema-graph\">{\"@context\":\"https:\\\/\\\/schema.org\",\"@graph\":[{\"@type\":\"WebPage\",\"@id\":\"https:\\\/\\\/www.oeag-astrologie.at\\\/astro\\\/impressum\",\"url\":\"https:\\\/\\\/www.oeag-astrologie.at\\\/astro\\\/impressum\",\"name\":\"Impressum - \u00d6sterreichische Astrologische Gesellschaft\",\"isPartOf\":{\"@id\":\"https:\\\/\\\/www.oeag-astrologie.at\\\/astro\\\/#website\"},\"datePublished\":\"2015-10-22T19:01:05+00:00\",\"dateModified\":\"2020-03-22T19:40:42+00:00\",\"description\":\"Die \u00d6sterreichische Astrologische Gesellschaft greift anhand klassischer Astrologie auf langen Erfahrungsschatz zur\u00fcck - Ausbildung, Fortbildung und Vortr\u00e4ge.\",\"breadcrumb\":{\"@id\":\"https:\\\/\\\/www.oeag-astrologie.at\\\/astro\\\/impressum#breadcrumb\"},\"inLanguage\":\"de\",\"potentialAction\":[{\"@type\":\"ReadAction\",\"target\":[\"https:\\\/\\\/www.oeag-astrologie.at\\\/astro\\\/impressum\"]}]},{\"@type\":\"BreadcrumbList\",\"@id\":\"https:\\\/\\\/www.oeag-astrologie.at\\\/astro\\\/impressum#breadcrumb\",\"itemListElement\":[{\"@type\":\"ListItem\",\"position\":1,\"name\":\"Home\",\"item\":\"https:\\\/\\\/www.oeag-astrologie.at\\\/astro\"},{\"@type\":\"ListItem\",\"position\":2,\"name\":\"Impressum\"}]},{\"@type\":\"WebSite\",\"@id\":\"https:\\\/\\\/www.oeag-astrologie.at\\\/astro\\\/#website\",\"url\":\"https:\\\/\\\/www.oeag-astrologie.at\\\/astro\\\/\",\"name\":\"\u00d6sterreichische Astrologische Gesellschaft\",\"description\":\"\",\"publisher\":{\"@id\":\"https:\\\/\\\/www.oeag-astrologie.at\\\/astro\\\/#organization\"},\"potentialAction\":[{\"@type\":\"SearchAction\",\"target\":{\"@type\":\"EntryPoint\",\"urlTemplate\":\"https:\\\/\\\/www.oeag-astrologie.at\\\/astro\\\/?s={search_term_string}\"},\"query-input\":{\"@type\":\"PropertyValueSpecification\",\"valueRequired\":true,\"valueName\":\"search_term_string\"}}],\"inLanguage\":\"de\"},{\"@type\":\"Organization\",\"@id\":\"https:\\\/\\\/www.oeag-astrologie.at\\\/astro\\\/#organization\",\"name\":\"\u00d6sterreichisch Astrologische Gesellschaft\",\"url\":\"https:\\\/\\\/www.oeag-astrologie.at\\\/astro\\\/\",\"logo\":{\"@type\":\"ImageObject\",\"inLanguage\":\"de\",\"@id\":\"https:\\\/\\\/www.oeag-astrologie.at\\\/astro\\\/#\\\/schema\\\/logo\\\/image\\\/\",\"url\":\"https:\\\/\\\/www.oeag-astrologie.at\\\/astro\\\/wp-content\\\/uploads\\\/2015\\\/10\\\/Bildschirmfoto-2015-10-22-um-09.40.58.png\",\"contentUrl\":\"https:\\\/\\\/www.oeag-astrologie.at\\\/astro\\\/wp-content\\\/uploads\\\/2015\\\/10\\\/Bildschirmfoto-2015-10-22-um-09.40.58.png\",\"width\":512,\"height\":512,\"caption\":\"\u00d6sterreichisch Astrologische Gesellschaft\"},\"image\":{\"@id\":\"https:\\\/\\\/www.oeag-astrologie.at\\\/astro\\\/#\\\/schema\\\/logo\\\/image\\\/\"}}]}<\/script>\n<!-- \/ Yoast SEO plugin. -->","yoast_head_json":{"title":"Impressum - \u00d6sterreichische Astrologische Gesellschaft","description":"Die \u00d6sterreichische Astrologische Gesellschaft greift anhand klassischer Astrologie auf langen Erfahrungsschatz zur\u00fcck - Ausbildung, Fortbildung und Vortr\u00e4ge.","robots":{"index":"index","follow":"follow","max-snippet":"max-snippet:-1","max-image-preview":"max-image-preview:large","max-video-preview":"max-video-preview:-1"},"canonical":"https:\/\/www.oeag-astrologie.at\/astro\/impressum","og_locale":"de_DE","og_type":"article","og_title":"Impressum - \u00d6sterreichische Astrologische Gesellschaft","og_description":"Die \u00d6sterreichische Astrologische Gesellschaft greift anhand klassischer Astrologie auf langen Erfahrungsschatz zur\u00fcck - Ausbildung, Fortbildung und Vortr\u00e4ge.","og_url":"https:\/\/www.oeag-astrologie.at\/astro\/impressum","og_site_name":"\u00d6sterreichische Astrologische Gesellschaft","article_modified_time":"2020-03-22T19:40:42+00:00","twitter_card":"summary_large_image","twitter_misc":{"Gesch\u00e4tzte Lesezeit":"2\u00a0Minuten"},"schema":{"@context":"https:\/\/schema.org","@graph":[{"@type":"WebPage","@id":"https:\/\/www.oeag-astrologie.at\/astro\/impressum","url":"https:\/\/www.oeag-astrologie.at\/astro\/impressum","name":"Impressum - \u00d6sterreichische Astrologische Gesellschaft","isPartOf":{"@id":"https:\/\/www.oeag-astrologie.at\/astro\/#website"},"datePublished":"2015-10-22T19:01:05+00:00","dateModified":"2020-03-22T19:40:42+00:00","description":"Die \u00d6sterreichische Astrologische Gesellschaft greift anhand klassischer Astrologie auf langen Erfahrungsschatz zur\u00fcck - Ausbildung, Fortbildung und Vortr\u00e4ge.","breadcrumb":{"@id":"https:\/\/www.oeag-astrologie.at\/astro\/impressum#breadcrumb"},"inLanguage":"de","potentialAction":[{"@type":"ReadAction","target":["https:\/\/www.oeag-astrologie.at\/astro\/impressum"]}]},{"@type":"BreadcrumbList","@id":"https:\/\/www.oeag-astrologie.at\/astro\/impressum#breadcrumb","itemListElement":[{"@type":"ListItem","position":1,"name":"Home","item":"https:\/\/www.oeag-astrologie.at\/astro"},{"@type":"ListItem","position":2,"name":"Impressum"}]},{"@type":"WebSite","@id":"https:\/\/www.oeag-astrologie.at\/astro\/#website","url":"https:\/\/www.oeag-astrologie.at\/astro\/","name":"\u00d6sterreichische Astrologische Gesellschaft","description":"","publisher":{"@id":"https:\/\/www.oeag-astrologie.at\/astro\/#organization"},"potentialAction":[{"@type":"SearchAction","target":{"@type":"EntryPoint","urlTemplate":"https:\/\/www.oeag-astrologie.at\/astro\/?s={search_term_string}"},"query-input":{"@type":"PropertyValueSpecification","valueRequired":true,"valueName":"search_term_string"}}],"inLanguage":"de"},{"@type":"Organization","@id":"https:\/\/www.oeag-astrologie.at\/astro\/#organization","name":"\u00d6sterreichisch Astrologische Gesellschaft","url":"https:\/\/www.oeag-astrologie.at\/astro\/","logo":{"@type":"ImageObject","inLanguage":"de","@id":"https:\/\/www.oeag-astrologie.at\/astro\/#\/schema\/logo\/image\/","url":"https:\/\/www.oeag-astrologie.at\/astro\/wp-content\/uploads\/2015\/10\/Bildschirmfoto-2015-10-22-um-09.40.58.png","contentUrl":"https:\/\/www.oeag-astrologie.at\/astro\/wp-content\/uploads\/2015\/10\/Bildschirmfoto-2015-10-22-um-09.40.58.png","width":512,"height":512,"caption":"\u00d6sterreichisch Astrologische Gesellschaft"},"image":{"@id":"https:\/\/www.oeag-astrologie.at\/astro\/#\/schema\/logo\/image\/"}}]}},"_links":{"self":[{"href":"https:\/\/www.oeag-astrologie.at\/astro\/wp-json\/wp\/v2\/pages\/17","targetHints":{"allow":["GET"]}}],"collection":[{"href":"https:\/\/www.oeag-astrologie.at\/astro\/wp-json\/wp\/v2\/pages"}],"about":[{"href":"https:\/\/www.oeag-astrologie.at\/astro\/wp-json\/wp\/v2\/types\/page"}],"author":[{"embeddable":true,"href":"https:\/\/www.oeag-astrologie.at\/astro\/wp-json\/wp\/v2\/users\/2"}],"replies":[{"embeddable":true,"href":"https:\/\/www.oeag-astrologie.at\/astro\/wp-json\/wp\/v2\/comments?post=17"}],"version-history":[{"count":0,"href":"https:\/\/www.oeag-astrologie.at\/astro\/wp-json\/wp\/v2\/pages\/17\/revisions"}],"wp:attachment":[{"href":"https:\/\/www.oeag-astrologie.at\/astro\/wp-json\/wp\/v2\/media?parent=17"}],"curies":[{"name":"wp","href":"https:\/\/api.w.org\/{rel}","templated":true}]}}